{"id":1341,"date":"2023-04-17T08:54:12","date_gmt":"2023-04-17T07:54:12","guid":{"rendered":"https:\/\/kotbaas.be\/wegwijs-in-de-brusselse-huurordonnantie-van-2018\/"},"modified":"2023-04-17T15:09:29","modified_gmt":"2023-04-17T14:09:29","slug":"lordonnance-bruxelloise-sur-le-bail-dhabitation-de-2018","status":"publish","type":"page","link":"https:\/\/kotbaas.be\/fr\/lordonnance-bruxelloise-sur-le-bail-dhabitation-de-2018\/","title":{"rendered":"L&rsquo;ordonnance bruxelloise sur le bail d&rsquo;habitation de 2018"},"content":{"rendered":"<div class=\"fusion-fullwidth fullwidth-box fusion-builder-row-1 fusion-flex-container has-pattern-background has-mask-background nonhundred-percent-fullwidth non-hundred-percent-height-scrolling\" style=\"--awb-border-radius-top-left:0px;--awb-border-radius-top-right:0px;--awb-border-radius-bottom-right:0px;--awb-border-radius-bottom-left:0px;--awb-flex-wrap:wrap;\" ><div class=\"fusion-builder-row fusion-row fusion-flex-align-items-flex-start fusion-flex-content-wrap\" style=\"max-width:1144px;margin-left: calc(-4% \/ 2 );margin-right: calc(-4% \/ 2 );\"><div class=\"fusion-layout-column fusion_builder_column fusion-builder-column-0 fusion_builder_column_1_1 1_1 fusion-flex-column\" style=\"--awb-bg-size:cover;--awb-width-large:100%;--awb-margin-top-large:0px;--awb-spacing-right-large:1.92%;--awb-margin-bottom-large:20px;--awb-spacing-left-large:1.92%;--awb-width-medium:100%;--awb-order-medium:0;--awb-spacing-right-medium:1.92%;--awb-spacing-left-medium:1.92%;--awb-width-small:100%;--awb-order-small:0;--awb-spacing-right-small:1.92%;--awb-spacing-left-small:1.92%;\"><div class=\"fusion-column-wrapper fusion-column-has-shadow fusion-flex-justify-content-flex-start fusion-content-layout-column\"><div class=\"fusion-title title fusion-title-1 fusion-sep-none fusion-title-text fusion-title-size-one\" style=\"--awb-font-size:35px;\"><h1 class=\"fusion-title-heading title-heading-left\" style=\"font-family:&quot;Source Sans Pro&quot;;font-style:normal;font-weight:600;margin:0;font-size:1em;line-height:1.2;\">L&rsquo;ordonnance bruxelloise sur le bail d&rsquo;habitation de 2018<\/h1><\/div><div class=\"fusion-text fusion-text-1\" style=\"--awb-font-size:16px;--awb-line-height:1.5;--awb-letter-spacing:0.015em;--awb-text-color:#303030;--awb-text-font-family:&quot;Source Sans Pro&quot;;--awb-text-font-style:normal;--awb-text-font-weight:400;\"><p><span style=\"font-weight: 400;\">L&rsquo;ordonnance bruxelloise sur les baux a introduit en 2018 <strong>une l\u00e9gislation distincte<\/strong> relative aux baux dans la R\u00e9gion de Bruxelles-Capitale. Celle-ci s\u2019articule autour de <strong>trois syst\u00e8mes de location\u00a0<\/strong>: la colocation, le bail glissant et (comme en Flandre et en Wallonie) le bail de logement \u00e9tudiant.\u00a0<\/span><\/p>\n<p><span style=\"font-weight: 400;\">\u00a0<\/span><span style=\"font-weight: 400;\">Le r\u00e9gime locatif du <strong>bail de logement \u00e9tudiant n&rsquo;est<\/strong> applicable que si le locataire et le propri\u00e9taire le choisissent.<strong> Ce n&rsquo;est pas obligatoire.<\/strong> Vous pouvez \u00e9galement appliquer <strong>le droit commun en mati\u00e8re de baux du Code civil<\/strong>. Cela permet<strong> une combinaison<\/strong> avec les r\u00e8gles applicables aux contrats de location dans lesquels le locataire \u00e9tablit sa r\u00e9sidence principale (domicile) dans l\u2019habitation.\u00a0<\/span><\/p>\n<\/div><\/div><\/div><\/div><\/div>\n","protected":false},"excerpt":{"rendered":"","protected":false},"author":2,"featured_media":0,"parent":0,"menu_order":0,"comment_status":"closed","ping_status":"closed","template":"","meta":{"footnotes":""},"class_list":["post-1341","page","type-page","status-publish","hentry"],"yoast_head":"<!-- This site is optimized with the Yoast SEO plugin v26.4 - https:\/\/yoast.com\/wordpress\/plugins\/seo\/ -->\n<title>L&#039;ordonnance bruxelloise sur le bail d&#039;habitation de 2018 - Kotbaas in Brussel<\/title>\n<meta name=\"robots\" content=\"index, follow, max-snippet:-1, max-image-preview:large, max-video-preview:-1\" \/>\n<link rel=\"canonical\" href=\"https:\/\/kotbaas.be\/fr\/lordonnance-bruxelloise-sur-le-bail-dhabitation-de-2018\/\" \/>\n<meta property=\"og:locale\" content=\"fr_FR\" \/>\n<meta property=\"og:type\" content=\"article\" \/>\n<meta property=\"og:title\" content=\"L&#039;ordonnance bruxelloise sur le bail d&#039;habitation de 2018 - Kotbaas in Brussel\" \/>\n<meta property=\"og:url\" content=\"https:\/\/kotbaas.be\/fr\/lordonnance-bruxelloise-sur-le-bail-dhabitation-de-2018\/\" \/>\n<meta property=\"og:site_name\" content=\"Kotbaas in Brussel\" \/>\n<meta property=\"article:publisher\" content=\"https:\/\/www.facebook.com\/brikpage\" \/>\n<meta property=\"article:modified_time\" content=\"2023-04-17T14:09:29+00:00\" \/>\n<meta property=\"og:image\" content=\"https:\/\/kotbaas.be\/wp-content\/uploads\/2023\/03\/Logo-kib.png\" \/>\n\t<meta property=\"og:image:width\" content=\"1200\" \/>\n\t<meta property=\"og:image:height\" content=\"675\" \/>\n\t<meta property=\"og:image:type\" content=\"image\/png\" \/>\n<meta name=\"twitter:card\" content=\"summary_large_image\" \/>\n<meta name=\"twitter:site\" content=\"@briktweets\" \/>\n<meta name=\"twitter:label1\" content=\"Dur\u00e9e de lecture estim\u00e9e\" \/>\n\t<meta name=\"twitter:data1\" content=\"2 minutes\" \/>\n<script type=\"application\/ld+json\" class=\"yoast-schema-graph\">{\"@context\":\"https:\/\/schema.org\",\"@graph\":[{\"@type\":\"WebPage\",\"@id\":\"https:\/\/kotbaas.be\/fr\/lordonnance-bruxelloise-sur-le-bail-dhabitation-de-2018\/\",\"url\":\"https:\/\/kotbaas.be\/fr\/lordonnance-bruxelloise-sur-le-bail-dhabitation-de-2018\/\",\"name\":\"L'ordonnance bruxelloise sur le bail d'habitation de 2018 - Kotbaas in Brussel\",\"isPartOf\":{\"@id\":\"https:\/\/kotbaas.be\/fr\/#website\"},\"datePublished\":\"2023-04-17T07:54:12+00:00\",\"dateModified\":\"2023-04-17T14:09:29+00:00\",\"breadcrumb\":{\"@id\":\"https:\/\/kotbaas.be\/fr\/lordonnance-bruxelloise-sur-le-bail-dhabitation-de-2018\/#breadcrumb\"},\"inLanguage\":\"fr-FR\",\"potentialAction\":[{\"@type\":\"ReadAction\",\"target\":[\"https:\/\/kotbaas.be\/fr\/lordonnance-bruxelloise-sur-le-bail-dhabitation-de-2018\/\"]}]},{\"@type\":\"BreadcrumbList\",\"@id\":\"https:\/\/kotbaas.be\/fr\/lordonnance-bruxelloise-sur-le-bail-dhabitation-de-2018\/#breadcrumb\",\"itemListElement\":[{\"@type\":\"ListItem\",\"position\":1,\"name\":\"Home\",\"item\":\"https:\/\/kotbaas.be\/fr\/\"},{\"@type\":\"ListItem\",\"position\":2,\"name\":\"L&#8217;ordonnance bruxelloise sur le bail d&#8217;habitation de 2018\"}]},{\"@type\":\"WebSite\",\"@id\":\"https:\/\/kotbaas.be\/fr\/#website\",\"url\":\"https:\/\/kotbaas.be\/fr\/\",\"name\":\"Kotbaas in Brussel\",\"description\":\"\",\"publisher\":{\"@id\":\"https:\/\/kotbaas.be\/fr\/#organization\"},\"alternateName\":\"Kotbaas.be\",\"potentialAction\":[{\"@type\":\"SearchAction\",\"target\":{\"@type\":\"EntryPoint\",\"urlTemplate\":\"https:\/\/kotbaas.be\/fr\/?s={search_term_string}\"},\"query-input\":{\"@type\":\"PropertyValueSpecification\",\"valueRequired\":true,\"valueName\":\"search_term_string\"}}],\"inLanguage\":\"fr-FR\"},{\"@type\":\"Organization\",\"@id\":\"https:\/\/kotbaas.be\/fr\/#organization\",\"name\":\"Brik - Student in Brussel\",\"alternateName\":\"Brik\",\"url\":\"https:\/\/kotbaas.be\/fr\/\",\"logo\":{\"@type\":\"ImageObject\",\"inLanguage\":\"fr-FR\",\"@id\":\"https:\/\/kotbaas.be\/fr\/#\/schema\/logo\/image\/\",\"url\":\"https:\/\/kotbaas.be\/wp-content\/uploads\/2023\/03\/Logo-kib-square.png\",\"contentUrl\":\"https:\/\/kotbaas.be\/wp-content\/uploads\/2023\/03\/Logo-kib-square.png\",\"width\":696,\"height\":696,\"caption\":\"Brik - Student in Brussel\"},\"image\":{\"@id\":\"https:\/\/kotbaas.be\/fr\/#\/schema\/logo\/image\/\"},\"sameAs\":[\"https:\/\/www.facebook.com\/brikpage\",\"https:\/\/x.com\/briktweets\"]}]}<\/script>\n<!-- \/ Yoast SEO plugin. -->","yoast_head_json":{"title":"L'ordonnance bruxelloise sur le bail d'habitation de 2018 - Kotbaas in Brussel","robots":{"index":"index","follow":"follow","max-snippet":"max-snippet:-1","max-image-preview":"max-image-preview:large","max-video-preview":"max-video-preview:-1"},"canonical":"https:\/\/kotbaas.be\/fr\/lordonnance-bruxelloise-sur-le-bail-dhabitation-de-2018\/","og_locale":"fr_FR","og_type":"article","og_title":"L'ordonnance bruxelloise sur le bail d'habitation de 2018 - Kotbaas in Brussel","og_url":"https:\/\/kotbaas.be\/fr\/lordonnance-bruxelloise-sur-le-bail-dhabitation-de-2018\/","og_site_name":"Kotbaas in Brussel","article_publisher":"https:\/\/www.facebook.com\/brikpage","article_modified_time":"2023-04-17T14:09:29+00:00","og_image":[{"width":1200,"height":675,"url":"https:\/\/kotbaas.be\/wp-content\/uploads\/2023\/03\/Logo-kib.png","type":"image\/png"}],"twitter_card":"summary_large_image","twitter_site":"@briktweets","twitter_misc":{"Dur\u00e9e de lecture estim\u00e9e":"2 minutes"},"schema":{"@context":"https:\/\/schema.org","@graph":[{"@type":"WebPage","@id":"https:\/\/kotbaas.be\/fr\/lordonnance-bruxelloise-sur-le-bail-dhabitation-de-2018\/","url":"https:\/\/kotbaas.be\/fr\/lordonnance-bruxelloise-sur-le-bail-dhabitation-de-2018\/","name":"L'ordonnance bruxelloise sur le bail d'habitation de 2018 - Kotbaas in Brussel","isPartOf":{"@id":"https:\/\/kotbaas.be\/fr\/#website"},"datePublished":"2023-04-17T07:54:12+00:00","dateModified":"2023-04-17T14:09:29+00:00","breadcrumb":{"@id":"https:\/\/kotbaas.be\/fr\/lordonnance-bruxelloise-sur-le-bail-dhabitation-de-2018\/#breadcrumb"},"inLanguage":"fr-FR","potentialAction":[{"@type":"ReadAction","target":["https:\/\/kotbaas.be\/fr\/lordonnance-bruxelloise-sur-le-bail-dhabitation-de-2018\/"]}]},{"@type":"BreadcrumbList","@id":"https:\/\/kotbaas.be\/fr\/lordonnance-bruxelloise-sur-le-bail-dhabitation-de-2018\/#breadcrumb","itemListElement":[{"@type":"ListItem","position":1,"name":"Home","item":"https:\/\/kotbaas.be\/fr\/"},{"@type":"ListItem","position":2,"name":"L&#8217;ordonnance bruxelloise sur le bail d&#8217;habitation de 2018"}]},{"@type":"WebSite","@id":"https:\/\/kotbaas.be\/fr\/#website","url":"https:\/\/kotbaas.be\/fr\/","name":"Kotbaas in Brussel","description":"","publisher":{"@id":"https:\/\/kotbaas.be\/fr\/#organization"},"alternateName":"Kotbaas.be","potentialAction":[{"@type":"SearchAction","target":{"@type":"EntryPoint","urlTemplate":"https:\/\/kotbaas.be\/fr\/?s={search_term_string}"},"query-input":{"@type":"PropertyValueSpecification","valueRequired":true,"valueName":"search_term_string"}}],"inLanguage":"fr-FR"},{"@type":"Organization","@id":"https:\/\/kotbaas.be\/fr\/#organization","name":"Brik - Student in Brussel","alternateName":"Brik","url":"https:\/\/kotbaas.be\/fr\/","logo":{"@type":"ImageObject","inLanguage":"fr-FR","@id":"https:\/\/kotbaas.be\/fr\/#\/schema\/logo\/image\/","url":"https:\/\/kotbaas.be\/wp-content\/uploads\/2023\/03\/Logo-kib-square.png","contentUrl":"https:\/\/kotbaas.be\/wp-content\/uploads\/2023\/03\/Logo-kib-square.png","width":696,"height":696,"caption":"Brik - Student in Brussel"},"image":{"@id":"https:\/\/kotbaas.be\/fr\/#\/schema\/logo\/image\/"},"sameAs":["https:\/\/www.facebook.com\/brikpage","https:\/\/x.com\/briktweets"]}]}},"_links":{"self":[{"href":"https:\/\/kotbaas.be\/fr\/wp-json\/wp\/v2\/pages\/1341","targetHints":{"allow":["GET"]}}],"collection":[{"href":"https:\/\/kotbaas.be\/fr\/wp-json\/wp\/v2\/pages"}],"about":[{"href":"https:\/\/kotbaas.be\/fr\/wp-json\/wp\/v2\/types\/page"}],"author":[{"embeddable":true,"href":"https:\/\/kotbaas.be\/fr\/wp-json\/wp\/v2\/users\/2"}],"replies":[{"embeddable":true,"href":"https:\/\/kotbaas.be\/fr\/wp-json\/wp\/v2\/comments?post=1341"}],"version-history":[{"count":5,"href":"https:\/\/kotbaas.be\/fr\/wp-json\/wp\/v2\/pages\/1341\/revisions"}],"predecessor-version":[{"id":1351,"href":"https:\/\/kotbaas.be\/fr\/wp-json\/wp\/v2\/pages\/1341\/revisions\/1351"}],"wp:attachment":[{"href":"https:\/\/kotbaas.be\/fr\/wp-json\/wp\/v2\/media?parent=1341"}],"curies":[{"name":"wp","href":"https:\/\/api.w.org\/{rel}","templated":true}]}}