{"id":1180,"date":"2015-05-19T14:23:09","date_gmt":"2015-05-19T13:23:09","guid":{"rendered":"https:\/\/kotbaas.be\/nuttige-links\/"},"modified":"2023-04-06T13:07:47","modified_gmt":"2023-04-06T12:07:47","slug":"liens-utiles","status":"publish","type":"page","link":"https:\/\/kotbaas.be\/fr\/liens-utiles\/","title":{"rendered":"Liens utiles"},"content":{"rendered":"<div class=\"fusion-fullwidth fullwidth-box fusion-builder-row-1 hundred-percent-fullwidth non-hundred-percent-height-scrolling\" style=\"--awb-border-radius-top-left:0px;--awb-border-radius-top-right:0px;--awb-border-radius-bottom-right:0px;--awb-border-radius-bottom-left:0px;--awb-overflow:visible;--awb-flex-wrap:wrap;\" ><div class=\"fusion-builder-row fusion-row\"><div class=\"fusion-layout-column fusion_builder_column fusion-builder-column-0 fusion_builder_column_1_1 1_1 fusion-one-full fusion-column-first fusion-column-last\" style=\"--awb-bg-size:cover;\"><div class=\"fusion-column-wrapper fusion-column-has-shadow fusion-flex-column-wrapper-legacy\"><div class=\"fusion-title title fusion-title-1 fusion-sep-none fusion-title-text fusion-title-size-one\" style=\"--awb-text-color:#303030;--awb-font-size:35px;\"><h1 class=\"fusion-title-heading title-heading-left\" style=\"font-family:&quot;Source Sans Pro&quot;;font-style:normal;font-weight:600;margin:0;font-size:1em;line-height:1.2;\"><span style=\"font-weight: 400;\">Liens utiles<\/span><\/h1><\/div><div class=\"fusion-title title fusion-title-2 fusion-sep-none fusion-title-text fusion-title-size-one\" style=\"--awb-text-color:#303030;--awb-font-size:23px;\"><h1 class=\"fusion-title-heading title-heading-left\" style=\"font-family:&quot;Source Sans Pro&quot;;font-style:normal;font-weight:600;margin:0;font-size:1em;line-height:1.2;\">R\u00e9glementation en mati\u00e8re de logement<\/h1><\/div><div class=\"fusion-text fusion-text-1\" style=\"--awb-font-size:16px;--awb-line-height:1.5;--awb-text-color:#303030;--awb-text-font-family:&quot;Source Sans Pro&quot;;--awb-text-font-style:normal;--awb-text-font-weight:400;\"><p><a href=\"https:\/\/logement.brussels\/\" target=\"_blank\" rel=\"noopener\"><span style=\"font-weight: 400;\">logement.brussels<\/span><span style=\"font-weight: 400;\"><br \/>\n<\/span><\/a><span style=\"font-weight: 400;\">Tout sur le logement en R\u00e9gion de Bruxelles-Capitale<\/span><\/p>\n<p><a href=\"https:\/\/homegrade.brussels\/\" target=\"_blank\" rel=\"noopener\"><span style=\"font-weight: 400;\">Homegrade Brussels<\/span><span style=\"font-weight: 400;\"><br \/>\n<\/span><\/a><span style=\"font-weight: 400;\">Centre de conseil et d\u2019orientation pour le logement dans la R\u00e9gion de Bruxelles-Capitale, qui fournit des informations sur des sujets tels que les primes, l\u2019\u00e9nergie, la r\u00e9novation, l\u2019urbanisme, le patrimoine, l\u2019acoustique et les b\u00e2timents durables.<\/span><\/p>\n<p><a href=\"https:\/\/perspective.brussels\/fr\" target=\"_blank\" rel=\"noopener\"><span style=\"font-weight: 400;\">Perspective<\/span><span style=\"font-weight: 400;\"><br \/>\n<\/span><\/a><span style=\"font-weight: 400;\">Bureau de planification de Bruxelles<\/span><\/p>\n<p><a href=\"https:\/\/urban.brussels\/fr\" target=\"_blank\" rel=\"noopener\"><span style=\"font-weight: 400;\">Urban.Brussels<\/span><span style=\"font-weight: 400;\"><br \/>\n<\/span><\/a><span style=\"font-weight: 400;\">Tout sur l\u2019am\u00e9nagement du territoire dans la R\u00e9gion de Bruxelles-Capitale<\/span><\/p>\n<p><a href=\"https:\/\/vivreabruxelles.be\/\" target=\"_blank\" rel=\"noopener\"><span style=\"font-weight: 400;\">Vivre \u00e0 Bruxelles<\/span><span style=\"font-weight: 400;\"><br \/>\n<\/span><\/a><span style=\"font-weight: 400;\">D\u00e9couvrez les quartiers et les communes de Bruxelles et la vie dans notre capitale<\/span><\/p>\n<p><a href=\"https:\/\/slrb-bghm.brussels\/fr\/reglementation\/code-bruxellois-du-logement-exigences-elementaires\" target=\"_blank\" rel=\"noopener\"><span style=\"font-weight: 400;\">Code bruxellois du Logement (CBL<\/span><\/a><span style=\"font-weight: 400;\">)<\/span><span style=\"font-weight: 400;\"><br \/>\n<\/span><span style=\"font-weight: 400;\">Pour tout savoir sur le Code bruxellois du Logement<\/span><\/p>\n<p><a href=\"http:\/\/urbanisme.irisnet.be\/lesreglesdujeu\/les-reglements-durbanisme\/le-reglement-regional-durbanisme-rru?set_language=fr\" target=\"_blank\" rel=\"noopener\"><span style=\"font-weight: 400;\">R\u00e8glement r\u00e9gional d\u2019Urbanisme <\/span><\/a><a href=\"http:\/\/stedenbouw.irisnet.be\/spelregels\/stedenbouwkundige-verordeningen-svs\/de-gewestelijke-stedenbouwkundige-verordening-gsv\"><span style=\"font-weight: 400;\">(RRU)<\/span><span style=\"font-weight: 400;\"><br \/>\n<\/span><\/a><span style=\"font-weight: 400;\">Pour tout savoir sur le r\u00e8glement R\u00e9gional d\u2019Urbanisme<\/span><\/p>\n<p><a href=\"http:\/\/urbanisme.irisnet.be\/lesreglesdujeu\/les-reglements-durbanisme\/les-reglements-communaux-durbanisme?set_language=fr\" target=\"_blank\" rel=\"noopener\"><span style=\"font-weight: 400;\">R\u00e8glements communaux d\u2019Urbanisme (RCU)<\/span><span style=\"font-weight: 400;\"><br \/>\n<\/span><\/a><span style=\"font-weight: 400;\">Pour tout savoir sur les R\u00e8glements communaux d\u2019Urbanisme<\/span><\/p>\n<p><a href=\"https:\/\/stedenbouw.irisnet.be\/spelregels\/het-brussels-wetboek-van-ruimtelijke-ordening-bwro\" target=\"_blank\" rel=\"noopener\"><span style=\"font-weight: 400;\">Code Bruxellois de l\u2019Am\u00e9nagement du Territoire (CoBat)<\/span><\/a><\/p>\n<p><a href=\"https:\/\/pouvoirs-locaux.brussels\/\" target=\"_blank\" rel=\"noopener\"><span style=\"font-weight: 400;\">Pouvoirs locaux bruxellois<\/span><span style=\"font-weight: 400;\"><br \/>\n<\/span><\/a><span style=\"font-weight: 400;\">Votre interlocuteur entre la R\u00e9gion de Bruxelles-Capitale et les pouvoirs locaux bruxellois<\/span><\/p>\n<p><a href=\"https:\/\/slrb-bghm.brussels\/fr\" target=\"_blank\" rel=\"noopener\"><span style=\"font-weight: 400;\">Soci\u00e9t\u00e9 du Logement de la R\u00e9gion de Bruxelles &#8211; Capitale<\/span><\/a><span style=\"font-weight: 400;\"><br \/>\n<\/span><span style=\"font-weight: 400;\"> Soci\u00e9t\u00e9s immobili\u00e8res publiques<\/span><\/p>\n<p><a href=\"http:\/\/reseauhabitat.be\/\" target=\"_blank\" rel=\"noopener\"><span style=\"font-weight: 400;\">R\u00e9seau Habitat<\/span><span style=\"font-weight: 400;\"><br \/>\n<\/span><\/a><span style=\"font-weight: 400;\">Neuf associations bruxelloises actives dans le domaine de la r\u00e9novation urbaine et de la participation citoyenne \u00e0 Bruxelles<\/span><span style=\"font-weight: 400;\"><br \/>\n<\/span><span style=\"font-weight: 400;\"><br \/>\n<\/span><a href=\"https:\/\/bestetarief.be\/#\/home\" target=\"_blank\" rel=\"noopener\"><span style=\"font-weight: 400;\">BesteTarief.be<\/span><span style=\"font-weight: 400;\"><br \/>\n<\/span><\/a><span style=\"font-weight: 400;\">Pour comparer les fournisseurs d\u2019internet et de t\u00e9l\u00e9phonie<\/span><span style=\"font-weight: 400;\"><br \/>\n<\/span><\/p>\n<p><a href=\"https:\/\/www.brugel.brussels\/\" target=\"_blank\" rel=\"noopener\"><span style=\"font-weight: 400;\">Brugel<\/span><span style=\"font-weight: 400;\"><br \/>\n<\/span><\/a><span style=\"font-weight: 400;\">Le r\u00e9gulateur bruxellois pour l\u2019\u00e9lectricit\u00e9, le gaz et le contr\u00f4le des prix de l\u2019eau<\/span><\/p>\n<p><a href=\"https:\/\/www.vivaqua.be\/fr\/\" target=\"_blank\" rel=\"noopener\"><span style=\"font-weight: 400;\">Vivaqua<\/span><span style=\"font-weight: 400;\"><br \/>\n<\/span><\/a><span style=\"font-weight: 400;\">L\u2019intercommunale bruxelloise pour l\u2019eau de distribution<\/span><\/p>\n<p><a href=\"https:\/\/www.sibelga.be\/fr\" target=\"_blank\" rel=\"noopener\"><span style=\"font-weight: 400;\">Sibelga<\/span><span style=\"font-weight: 400;\"><br \/>\n<\/span><\/a><span style=\"font-weight: 400;\">Le gestionnaire des r\u00e9seaux de distribution de la R\u00e9gion de Bruxelles-Capitale. Sibelga fournit \u00e9galement des informations sur l\u2019\u00e9nergie \u00e0 Bruxelles par le biais de son magazine <\/span><a href=\"https:\/\/www.energuide.be\/fr\/\" target=\"_blank\" rel=\"noopener\"><span style=\"font-weight: 400;\">energuide.be<\/span><span style=\"font-weight: 400;\">.<\/span><\/a><\/p>\n<p><a href=\"https:\/\/environnement.brussels\/\" target=\"_blank\" rel=\"noopener\"><span style=\"font-weight: 400;\">Bruxelles Environnement<\/span><span style=\"font-weight: 400;\"><br \/>\n<\/span><\/a><span style=\"font-weight: 400;\">L\u2019administration de l\u2019environnement et de l\u2019\u00e9nergie de la R\u00e9gion de Bruxelles-Capitale<\/span><\/p>\n<\/div><div class=\"fusion-clearfix\"><\/div><\/div><\/div><div class=\"fusion-layout-column fusion_builder_column fusion-builder-column-1 fusion_builder_column_1_1 1_1 fusion-one-full fusion-column-first fusion-column-last\" style=\"--awb-bg-size:cover;\"><div class=\"fusion-column-wrapper fusion-column-has-shadow fusion-flex-column-wrapper-legacy\"><div class=\"fusion-title title fusion-title-3 fusion-sep-none fusion-title-text fusion-title-size-one\" style=\"--awb-text-color:#303030;--awb-font-size:23px;\"><h1 class=\"fusion-title-heading title-heading-left\" style=\"font-family:&quot;Source Sans Pro&quot;;font-style:normal;font-weight:600;margin:0;font-size:1em;line-height:1.2;\">B\u00e9n\u00e9fices et charges<\/h1><\/div><div class=\"fusion-text fusion-text-2\" style=\"--awb-font-size:16px;--awb-line-height:1.5;--awb-text-color:#303030;--awb-text-font-family:&quot;Source Sans Pro&quot;;--awb-text-font-style:normal;--awb-text-font-weight:400;\"><p><a href=\"https:\/\/renolution.brussels\/fr\" target=\"_blank\" rel=\"noopener\"><span style=\"font-weight: 400;\">Renolution<\/span><span style=\"font-weight: 400;\"><br \/>\n<\/span><\/a><span style=\"font-weight: 400;\">Une strat\u00e9gie de r\u00e9novation des b\u00e2timents en R\u00e9gion de Bruxelles-Capitale. Toutes les primes possibles en un coup d\u2019\u0153il.<\/span><\/p>\n<\/div><div class=\"fusion-clearfix\"><\/div><\/div><\/div><div class=\"fusion-layout-column fusion_builder_column fusion-builder-column-2 fusion_builder_column_1_1 1_1 fusion-one-full fusion-column-first fusion-column-last\" style=\"--awb-bg-size:cover;\"><div class=\"fusion-column-wrapper fusion-column-has-shadow fusion-flex-column-wrapper-legacy\"><div class=\"fusion-title title fusion-title-4 fusion-sep-none fusion-title-text fusion-title-size-one\" style=\"--awb-text-color:#303030;--awb-font-size:23px;\"><h1 class=\"fusion-title-heading title-heading-left\" style=\"font-family:&quot;Source Sans Pro&quot;;font-style:normal;font-weight:600;margin:0;font-size:1em;line-height:1.2;\">Droit locatif et bail<\/h1><\/div><div class=\"fusion-text fusion-text-3\" style=\"--awb-font-size:16px;--awb-line-height:1.5;--awb-text-color:#303030;--awb-text-font-family:&quot;Source Sans Pro&quot;;--awb-text-font-style:normal;--awb-text-font-weight:400;\"><p><a href=\"https:\/\/ple.mykot.be\/\" target=\"_blank\" rel=\"noopener\"><span style=\"font-weight: 400;\">MyKot<\/span><span style=\"font-weight: 400;\"><br \/>\n<\/span><\/a><span style=\"font-weight: 400;\">L\u2019outil de recherche de kots \u00e0 Bruxelles<\/span><\/p>\n<p><a href=\"https:\/\/slrb-bghm.brussels\/nl\/huurder-zijn\/huurprijs-en-huurlasten\" target=\"_blank\" rel=\"noopener\"><span style=\"font-weight: 400;\">Logement<\/span><\/a><span style=\"font-weight: 400;\">s <\/span><a href=\"https:\/\/slrb-bghm.brussels\/fr\/etre-locataire\/votre-loyer-et-vos-charges\" target=\"_blank\" rel=\"noopener\"><span style=\"font-weight: 400;\">sociaux<\/span><span style=\"font-weight: 400;\"><br \/>\n<\/span><\/a><span style=\"font-weight: 400;\">Loyers et charges<\/span><\/p>\n<p><a href=\"https:\/\/economie.fgov.be\/fr\" target=\"_blank\" rel=\"noopener\"><span style=\"font-weight: 400;\">SPF \u00c9conomie, PME, Classes moyennes et \u00c9nergie<\/span><\/a><br \/>\n<span style=\"font-weight: 400;\">Service Public F\u00e9d\u00e9ral \u00c9conomie<\/span><\/p>\n<p><a href=\"https:\/\/finances.belgium.be\/fr\" target=\"_blank\" rel=\"noopener\"><span style=\"font-weight: 400;\">SPF Finances<\/span><\/a><span style=\"font-weight: 400;\"><br \/>\n<\/span><span style=\"font-weight: 400;\">Service Public F\u00e9d\u00e9ral Finances<\/span><\/p>\n<p><a href=\"https:\/\/eservices.minfin.fgov.be\/myminfin-web\/pages\/public\" target=\"_blank\" rel=\"noopener\"><span style=\"font-weight: 400;\">MyMinfin<\/span><span style=\"font-weight: 400;\"><br \/>\n<\/span><\/a><span style=\"font-weight: 400;\">Portail fiscal belge<\/span><\/p>\n<p><a href=\"https:\/\/www.wikifin.be\/fr\" target=\"_blank\" rel=\"noopener\"><span style=\"font-weight: 400;\">WikiFin<\/span><span style=\"font-weight: 400;\"><br \/>\n<\/span><\/a><span style=\"font-weight: 400;\">Une initiative de l\u2019Autorit\u00e9 des services et march\u00e9s financiers<\/span><\/p>\n<p><a href=\"https:\/\/finances.belgium.be\/fr\/E-services\/MyRent\" target=\"_blank\" rel=\"noopener\"><span style=\"font-weight: 400;\">MyRent<\/span><span style=\"font-weight: 400;\"><br \/>\n<\/span><\/a><span style=\"font-weight: 400;\">Envoi \u00e9lectronique du bail locatif et de l\u2019\u00e9tat des lieux pour enregistrement<\/span><\/p>\n<p><span style=\"font-weight: 400;\">Vous trouverez sur <\/span><a href=\"https:\/\/logement.brussels\/louer\/bail\/\" target=\"_blank\" rel=\"noopener\"><span style=\"font-weight: 400;\">cette page<\/span><\/a><span style=\"font-weight: 400;\"> des informations sur le bail locatif. L\u2019article 253 &#8211; 256 du CBL s\u2019applique aux logements pour \u00e9tudiants.<\/span><\/p>\n<\/div><div class=\"fusion-clearfix\"><\/div><\/div><\/div><div class=\"fusion-layout-column fusion_builder_column fusion-builder-column-3 fusion_builder_column_1_1 1_1 fusion-one-full fusion-column-first fusion-column-last\" style=\"--awb-bg-size:cover;\"><div class=\"fusion-column-wrapper fusion-column-has-shadow fusion-flex-column-wrapper-legacy\"><div class=\"fusion-title title fusion-title-5 fusion-sep-none fusion-title-text fusion-title-size-one\" style=\"--awb-text-color:#303030;--awb-font-size:23px;\"><h1 class=\"fusion-title-heading title-heading-left\" style=\"font-family:&quot;Source Sans Pro&quot;;font-style:normal;font-weight:600;margin:0;font-size:1em;line-height:1.2;\">Assurance habitation et incendie<\/h1><\/div><div class=\"fusion-text fusion-text-4\" style=\"--awb-font-size:16px;--awb-line-height:1.5;--awb-text-color:#303030;--awb-text-font-family:&quot;Source Sans Pro&quot;;--awb-text-font-style:normal;--awb-text-font-weight:400;\"><p><a href=\"https:\/\/brandweer.brussels\/fr\" target=\"_blank\" rel=\"noopener\"><span style=\"font-weight: 400;\">Pompiers et aide m\u00e9dicale urgente<\/span><span style=\"font-weight: 400;\"><br \/>\n<\/span><\/a><span style=\"font-weight: 400;\">Les services des pompiers<\/span><\/p>\n<\/div><div class=\"fusion-clearfix\"><\/div><\/div><\/div><div class=\"fusion-layout-column fusion_builder_column fusion-builder-column-4 fusion_builder_column_1_1 1_1 fusion-one-full fusion-column-first fusion-column-last\" style=\"--awb-bg-size:cover;\"><div class=\"fusion-column-wrapper fusion-column-has-shadow fusion-flex-column-wrapper-legacy\"><div class=\"fusion-title title fusion-title-6 fusion-sep-none fusion-title-text fusion-title-size-one\" style=\"--awb-text-color:#303030;--awb-font-size:23px;\"><h1 class=\"fusion-title-heading title-heading-left\" style=\"font-family:&quot;Source Sans Pro&quot;;font-style:normal;font-weight:600;margin:0;font-size:1em;line-height:1.2;\">Bruxelles, ville estudiantine<\/h1><\/div><div class=\"fusion-text fusion-text-5\" style=\"--awb-font-size:16px;--awb-line-height:1.5;--awb-text-color:#303030;--awb-text-font-family:&quot;Source Sans Pro&quot;;--awb-text-font-style:normal;--awb-text-font-weight:400;\"><p><a href=\"https:\/\/bsi.brussels\/fr-brooc\/\" target=\"_blank\" rel=\"noopener\"><span style=\"font-weight: 400;\">Brussels Studies Institute (B<\/span><\/a><span style=\"font-weight: 400;\">SI)<\/span><span style=\"font-weight: 400;\"><br \/>\n<\/span><span style=\"font-weight: 400;\">Plateforme de contact et de coordination pour la recherche universitaire \u00e0 Bruxelles<\/span><\/p>\n<p><a href=\"https:\/\/perspective.brussels\/fr\/enjeux-urbains\/vie-etudiante\" target=\"_blank\" rel=\"noopener\"><span style=\"font-weight: 400;\">Perspective Brussels Cellule Vie \u00e9tudiante<\/span><\/a><br \/>\n<span style=\"font-weight: 400;\">La cellule Vie \u00e9tudiante du bureau de planification bruxellois<\/span><\/p>\n<\/div><div class=\"fusion-clearfix\"><\/div><\/div><\/div><\/div><\/div>\n","protected":false},"excerpt":{"rendered":"","protected":false},"author":2,"featured_media":0,"parent":0,"menu_order":0,"comment_status":"closed","ping_status":"closed","template":"","meta":{"footnotes":""},"class_list":["post-1180","page","type-page","status-publish","hentry"],"yoast_head":"<!-- This site is optimized with the Yoast SEO plugin v26.4 - https:\/\/yoast.com\/wordpress\/plugins\/seo\/ -->\n<title>Liens utiles - Kotbaas in Brussel<\/title>\n<meta name=\"description\" content=\"Hier vind je allerhande nuttige links die handig kunnen zijn voor jouw leven als kotbaas in Brussel.\" \/>\n<meta name=\"robots\" content=\"index, follow, max-snippet:-1, max-image-preview:large, max-video-preview:-1\" \/>\n<link rel=\"canonical\" href=\"https:\/\/kotbaas.be\/fr\/liens-utiles\/\" \/>\n<meta property=\"og:locale\" content=\"fr_FR\" \/>\n<meta property=\"og:type\" content=\"article\" \/>\n<meta property=\"og:title\" content=\"Liens utiles - Kotbaas in Brussel\" \/>\n<meta property=\"og:description\" content=\"Hier vind je allerhande nuttige links die handig kunnen zijn voor jouw leven als kotbaas in Brussel.\" \/>\n<meta property=\"og:url\" content=\"https:\/\/kotbaas.be\/fr\/liens-utiles\/\" \/>\n<meta property=\"og:site_name\" content=\"Kotbaas in Brussel\" \/>\n<meta property=\"article:publisher\" content=\"https:\/\/www.facebook.com\/brikpage\" \/>\n<meta property=\"article:modified_time\" content=\"2023-04-06T12:07:47+00:00\" \/>\n<meta property=\"og:image\" content=\"https:\/\/kotbaas.be\/wp-content\/uploads\/2023\/03\/Logo-kib.png\" \/>\n\t<meta property=\"og:image:width\" content=\"1200\" \/>\n\t<meta property=\"og:image:height\" content=\"675\" \/>\n\t<meta property=\"og:image:type\" content=\"image\/png\" \/>\n<meta name=\"twitter:card\" content=\"summary_large_image\" \/>\n<meta name=\"twitter:site\" content=\"@briktweets\" \/>\n<meta name=\"twitter:label1\" content=\"Dur\u00e9e de lecture estim\u00e9e\" \/>\n\t<meta name=\"twitter:data1\" content=\"5 minutes\" \/>\n<script type=\"application\/ld+json\" class=\"yoast-schema-graph\">{\"@context\":\"https:\/\/schema.org\",\"@graph\":[{\"@type\":\"WebPage\",\"@id\":\"https:\/\/kotbaas.be\/fr\/liens-utiles\/\",\"url\":\"https:\/\/kotbaas.be\/fr\/liens-utiles\/\",\"name\":\"Liens utiles - Kotbaas in Brussel\",\"isPartOf\":{\"@id\":\"https:\/\/kotbaas.be\/fr\/#website\"},\"datePublished\":\"2015-05-19T13:23:09+00:00\",\"dateModified\":\"2023-04-06T12:07:47+00:00\",\"description\":\"Hier vind je allerhande nuttige links die handig kunnen zijn voor jouw leven als kotbaas in Brussel.\",\"breadcrumb\":{\"@id\":\"https:\/\/kotbaas.be\/fr\/liens-utiles\/#breadcrumb\"},\"inLanguage\":\"fr-FR\",\"potentialAction\":[{\"@type\":\"ReadAction\",\"target\":[\"https:\/\/kotbaas.be\/fr\/liens-utiles\/\"]}]},{\"@type\":\"BreadcrumbList\",\"@id\":\"https:\/\/kotbaas.be\/fr\/liens-utiles\/#breadcrumb\",\"itemListElement\":[{\"@type\":\"ListItem\",\"position\":1,\"name\":\"Home\",\"item\":\"https:\/\/kotbaas.be\/fr\/\"},{\"@type\":\"ListItem\",\"position\":2,\"name\":\"Liens utiles\"}]},{\"@type\":\"WebSite\",\"@id\":\"https:\/\/kotbaas.be\/fr\/#website\",\"url\":\"https:\/\/kotbaas.be\/fr\/\",\"name\":\"Kotbaas in Brussel\",\"description\":\"\",\"publisher\":{\"@id\":\"https:\/\/kotbaas.be\/fr\/#organization\"},\"alternateName\":\"Kotbaas.be\",\"potentialAction\":[{\"@type\":\"SearchAction\",\"target\":{\"@type\":\"EntryPoint\",\"urlTemplate\":\"https:\/\/kotbaas.be\/fr\/?s={search_term_string}\"},\"query-input\":{\"@type\":\"PropertyValueSpecification\",\"valueRequired\":true,\"valueName\":\"search_term_string\"}}],\"inLanguage\":\"fr-FR\"},{\"@type\":\"Organization\",\"@id\":\"https:\/\/kotbaas.be\/fr\/#organization\",\"name\":\"Brik - Student in Brussel\",\"alternateName\":\"Brik\",\"url\":\"https:\/\/kotbaas.be\/fr\/\",\"logo\":{\"@type\":\"ImageObject\",\"inLanguage\":\"fr-FR\",\"@id\":\"https:\/\/kotbaas.be\/fr\/#\/schema\/logo\/image\/\",\"url\":\"https:\/\/kotbaas.be\/wp-content\/uploads\/2023\/03\/Logo-kib-square.png\",\"contentUrl\":\"https:\/\/kotbaas.be\/wp-content\/uploads\/2023\/03\/Logo-kib-square.png\",\"width\":696,\"height\":696,\"caption\":\"Brik - Student in Brussel\"},\"image\":{\"@id\":\"https:\/\/kotbaas.be\/fr\/#\/schema\/logo\/image\/\"},\"sameAs\":[\"https:\/\/www.facebook.com\/brikpage\",\"https:\/\/x.com\/briktweets\"]}]}<\/script>\n<!-- \/ Yoast SEO plugin. -->","yoast_head_json":{"title":"Liens utiles - Kotbaas in Brussel","description":"Hier vind je allerhande nuttige links die handig kunnen zijn voor jouw leven als kotbaas in Brussel.","robots":{"index":"index","follow":"follow","max-snippet":"max-snippet:-1","max-image-preview":"max-image-preview:large","max-video-preview":"max-video-preview:-1"},"canonical":"https:\/\/kotbaas.be\/fr\/liens-utiles\/","og_locale":"fr_FR","og_type":"article","og_title":"Liens utiles - Kotbaas in Brussel","og_description":"Hier vind je allerhande nuttige links die handig kunnen zijn voor jouw leven als kotbaas in Brussel.","og_url":"https:\/\/kotbaas.be\/fr\/liens-utiles\/","og_site_name":"Kotbaas in Brussel","article_publisher":"https:\/\/www.facebook.com\/brikpage","article_modified_time":"2023-04-06T12:07:47+00:00","og_image":[{"width":1200,"height":675,"url":"https:\/\/kotbaas.be\/wp-content\/uploads\/2023\/03\/Logo-kib.png","type":"image\/png"}],"twitter_card":"summary_large_image","twitter_site":"@briktweets","twitter_misc":{"Dur\u00e9e de lecture estim\u00e9e":"5 minutes"},"schema":{"@context":"https:\/\/schema.org","@graph":[{"@type":"WebPage","@id":"https:\/\/kotbaas.be\/fr\/liens-utiles\/","url":"https:\/\/kotbaas.be\/fr\/liens-utiles\/","name":"Liens utiles - Kotbaas in Brussel","isPartOf":{"@id":"https:\/\/kotbaas.be\/fr\/#website"},"datePublished":"2015-05-19T13:23:09+00:00","dateModified":"2023-04-06T12:07:47+00:00","description":"Hier vind je allerhande nuttige links die handig kunnen zijn voor jouw leven als kotbaas in Brussel.","breadcrumb":{"@id":"https:\/\/kotbaas.be\/fr\/liens-utiles\/#breadcrumb"},"inLanguage":"fr-FR","potentialAction":[{"@type":"ReadAction","target":["https:\/\/kotbaas.be\/fr\/liens-utiles\/"]}]},{"@type":"BreadcrumbList","@id":"https:\/\/kotbaas.be\/fr\/liens-utiles\/#breadcrumb","itemListElement":[{"@type":"ListItem","position":1,"name":"Home","item":"https:\/\/kotbaas.be\/fr\/"},{"@type":"ListItem","position":2,"name":"Liens utiles"}]},{"@type":"WebSite","@id":"https:\/\/kotbaas.be\/fr\/#website","url":"https:\/\/kotbaas.be\/fr\/","name":"Kotbaas in Brussel","description":"","publisher":{"@id":"https:\/\/kotbaas.be\/fr\/#organization"},"alternateName":"Kotbaas.be","potentialAction":[{"@type":"SearchAction","target":{"@type":"EntryPoint","urlTemplate":"https:\/\/kotbaas.be\/fr\/?s={search_term_string}"},"query-input":{"@type":"PropertyValueSpecification","valueRequired":true,"valueName":"search_term_string"}}],"inLanguage":"fr-FR"},{"@type":"Organization","@id":"https:\/\/kotbaas.be\/fr\/#organization","name":"Brik - Student in Brussel","alternateName":"Brik","url":"https:\/\/kotbaas.be\/fr\/","logo":{"@type":"ImageObject","inLanguage":"fr-FR","@id":"https:\/\/kotbaas.be\/fr\/#\/schema\/logo\/image\/","url":"https:\/\/kotbaas.be\/wp-content\/uploads\/2023\/03\/Logo-kib-square.png","contentUrl":"https:\/\/kotbaas.be\/wp-content\/uploads\/2023\/03\/Logo-kib-square.png","width":696,"height":696,"caption":"Brik - Student in Brussel"},"image":{"@id":"https:\/\/kotbaas.be\/fr\/#\/schema\/logo\/image\/"},"sameAs":["https:\/\/www.facebook.com\/brikpage","https:\/\/x.com\/briktweets"]}]}},"_links":{"self":[{"href":"https:\/\/kotbaas.be\/fr\/wp-json\/wp\/v2\/pages\/1180","targetHints":{"allow":["GET"]}}],"collection":[{"href":"https:\/\/kotbaas.be\/fr\/wp-json\/wp\/v2\/pages"}],"about":[{"href":"https:\/\/kotbaas.be\/fr\/wp-json\/wp\/v2\/types\/page"}],"author":[{"embeddable":true,"href":"https:\/\/kotbaas.be\/fr\/wp-json\/wp\/v2\/users\/2"}],"replies":[{"embeddable":true,"href":"https:\/\/kotbaas.be\/fr\/wp-json\/wp\/v2\/comments?post=1180"}],"version-history":[{"count":2,"href":"https:\/\/kotbaas.be\/fr\/wp-json\/wp\/v2\/pages\/1180\/revisions"}],"predecessor-version":[{"id":1182,"href":"https:\/\/kotbaas.be\/fr\/wp-json\/wp\/v2\/pages\/1180\/revisions\/1182"}],"wp:attachment":[{"href":"https:\/\/kotbaas.be\/fr\/wp-json\/wp\/v2\/media?parent=1180"}],"curies":[{"name":"wp","href":"https:\/\/api.w.org\/{rel}","templated":true}]}}