{"id":1174,"date":"2015-05-13T16:09:05","date_gmt":"2015-05-13T15:09:05","guid":{"rendered":"https:\/\/kotbaas.be\/brussel-als-studentenstad\/"},"modified":"2025-05-08T11:18:06","modified_gmt":"2025-05-08T10:18:06","slug":"bruxelles-ville-estudiantine","status":"publish","type":"page","link":"https:\/\/kotbaas.be\/fr\/bruxelles-ville-estudiantine\/","title":{"rendered":"Bruxelles, ville estudiantine"},"content":{"rendered":"<div class=\"fusion-fullwidth fullwidth-box fusion-builder-row-1 hundred-percent-fullwidth non-hundred-percent-height-scrolling\" style=\"--awb-border-radius-top-left:0px;--awb-border-radius-top-right:0px;--awb-border-radius-bottom-right:0px;--awb-border-radius-bottom-left:0px;--awb-overflow:visible;--awb-flex-wrap:wrap;\" ><div class=\"fusion-builder-row fusion-row\"><div class=\"fusion-layout-column fusion_builder_column fusion-builder-column-0 fusion_builder_column_1_1 1_1 fusion-one-full fusion-column-first fusion-column-last\" style=\"--awb-bg-size:cover;\"><div class=\"fusion-column-wrapper fusion-column-has-shadow fusion-flex-column-wrapper-legacy\"><div class=\"fusion-title title fusion-title-1 fusion-sep-none fusion-title-text fusion-title-size-one\" style=\"--awb-text-color:#303030;--awb-font-size:35px;\"><h1 class=\"fusion-title-heading title-heading-left\" style=\"font-family:&quot;Source Sans Pro&quot;;font-style:normal;font-weight:600;margin:0;font-size:1em;line-height:1.2;\">Bruxelles, ville estudiantine<\/h1><\/div><div class=\"fusion-text fusion-text-1\" style=\"--awb-font-size:16px;--awb-line-height:1.5;--awb-text-color:#303030;--awb-text-font-family:&quot;Source Sans Pro&quot;;\"><p><span style=\"font-weight: 400;\">Bruxelles est <strong>la capitale<\/strong> de la Belgique et de l\u2019Europe. La R\u00e9gion de Bruxelles-Capitale comprend <strong>19\u00a0communes<\/strong> et compte plus de <strong>1,2\u00a0million d\u2019habitants<\/strong> de plus de <strong>180\u00a0nationalit\u00e9s diff\u00e9rentes<\/strong>. Les langues officielles sont le fran\u00e7ais et le n\u00e9erlandais. En outre, plus de 100\u00a0autres langues sont parl\u00e9es.\u00a0<\/span><\/p>\n<p><span style=\"font-weight: 400;\">Avec <strong>plus de 137 000 \u00e9tudiants<\/strong> et un total de <strong>49\u00a0universit\u00e9s et hautes \u00e9coles<\/strong>, Bruxelles est <strong>la plus grande ville estudiantine<\/strong> du pays. La R\u00e9gion compte plusieurs quartiers estudiantins, mais en r\u00e9alit\u00e9, les \u00e9tudiants bruxellois se d\u00e9placent dans toute la ville.\u00a0<\/span><\/p>\n<p><span style=\"font-weight: 400;\">Bruxelles a toujours souffert d\u2019<strong>un d\u00e9ficit de kots<\/strong>, ce qui entra\u00eene une p\u00e9nurie et des loyers \u00e9lev\u00e9s. Par cons\u00e9quent, les \u00e9tudiants se tournent \u00e9galement vers le march\u00e9 du logement r\u00e9sidentiel, ce qui a pour effet pervers de cr\u00e9er des difficult\u00e9s suppl\u00e9mentaires pour les Bruxellois \u00e0 la recherche d\u2019un logement.\u00a0<\/span><\/p>\n<p><span style=\"font-weight: 400;\">En collaboration avec ses institutions partenaires, Brik a donc r\u00e9dig\u00e9 un <\/span><strong><i>Manifeste pour des logements \u00e9tudiants modernes, abordables et de qualit\u00e9s<\/i><\/strong><span style=\"font-weight: 400;\">. <\/span><a href=\"https:\/\/brik.be\/manifest-voor-betere-brusselse-studentenhuisvesting\/\" target=\"_blank\" rel=\"noopener\"><span style=\"font-weight: 400;\">Lisez-le ici<\/span><\/a> <span style=\"font-weight: 400;\">(version fran\u00e7aise au-dessous).<\/span><\/p>\n<\/div><div class=\"fusion-clearfix\"><\/div><\/div><\/div><\/div><\/div>\n","protected":false},"excerpt":{"rendered":"","protected":false},"author":2,"featured_media":0,"parent":0,"menu_order":0,"comment_status":"closed","ping_status":"closed","template":"","meta":{"footnotes":""},"class_list":["post-1174","page","type-page","status-publish","hentry"],"yoast_head":"<!-- This site is optimized with the Yoast SEO plugin v26.4 - https:\/\/yoast.com\/wordpress\/plugins\/seo\/ -->\n<title>Bruxelles, ville estudiantine - Kotbaas in Brussel<\/title>\n<meta name=\"description\" content=\"Brussel is de grootste studentenstad van Belgi\u00eb. Zowat 50 universiteiten, hogescholen en kunsthogescholen hebben een campus of afdeling in Brussel.\u00a0\" \/>\n<meta name=\"robots\" content=\"index, follow, max-snippet:-1, max-image-preview:large, max-video-preview:-1\" \/>\n<link rel=\"canonical\" href=\"https:\/\/kotbaas.be\/fr\/bruxelles-ville-estudiantine\/\" \/>\n<meta property=\"og:locale\" content=\"fr_FR\" \/>\n<meta property=\"og:type\" content=\"article\" \/>\n<meta property=\"og:title\" content=\"Bruxelles, ville estudiantine - Kotbaas in Brussel\" \/>\n<meta property=\"og:description\" content=\"Brussel is de grootste studentenstad van Belgi\u00eb. Zowat 50 universiteiten, hogescholen en kunsthogescholen hebben een campus of afdeling in Brussel.\u00a0\" \/>\n<meta property=\"og:url\" content=\"https:\/\/kotbaas.be\/fr\/bruxelles-ville-estudiantine\/\" \/>\n<meta property=\"og:site_name\" content=\"Kotbaas in Brussel\" \/>\n<meta property=\"article:publisher\" content=\"https:\/\/www.facebook.com\/brikpage\" \/>\n<meta property=\"article:modified_time\" content=\"2025-05-08T10:18:06+00:00\" \/>\n<meta property=\"og:image\" content=\"https:\/\/kotbaas.be\/wp-content\/uploads\/2023\/03\/Logo-kib.png\" \/>\n\t<meta property=\"og:image:width\" content=\"1200\" \/>\n\t<meta property=\"og:image:height\" content=\"675\" \/>\n\t<meta property=\"og:image:type\" content=\"image\/png\" \/>\n<meta name=\"twitter:card\" content=\"summary_large_image\" \/>\n<meta name=\"twitter:site\" content=\"@briktweets\" \/>\n<meta name=\"twitter:label1\" content=\"Dur\u00e9e de lecture estim\u00e9e\" \/>\n\t<meta name=\"twitter:data1\" content=\"1 minute\" \/>\n<script type=\"application\/ld+json\" class=\"yoast-schema-graph\">{\"@context\":\"https:\/\/schema.org\",\"@graph\":[{\"@type\":\"WebPage\",\"@id\":\"https:\/\/kotbaas.be\/fr\/bruxelles-ville-estudiantine\/\",\"url\":\"https:\/\/kotbaas.be\/fr\/bruxelles-ville-estudiantine\/\",\"name\":\"Bruxelles, ville estudiantine - Kotbaas in Brussel\",\"isPartOf\":{\"@id\":\"https:\/\/kotbaas.be\/fr\/#website\"},\"datePublished\":\"2015-05-13T15:09:05+00:00\",\"dateModified\":\"2025-05-08T10:18:06+00:00\",\"description\":\"Brussel is de grootste studentenstad van Belgi\u00eb. Zowat 50 universiteiten, hogescholen en kunsthogescholen hebben een campus of afdeling in Brussel.\u00a0\",\"breadcrumb\":{\"@id\":\"https:\/\/kotbaas.be\/fr\/bruxelles-ville-estudiantine\/#breadcrumb\"},\"inLanguage\":\"fr-FR\",\"potentialAction\":[{\"@type\":\"ReadAction\",\"target\":[\"https:\/\/kotbaas.be\/fr\/bruxelles-ville-estudiantine\/\"]}]},{\"@type\":\"BreadcrumbList\",\"@id\":\"https:\/\/kotbaas.be\/fr\/bruxelles-ville-estudiantine\/#breadcrumb\",\"itemListElement\":[{\"@type\":\"ListItem\",\"position\":1,\"name\":\"Home\",\"item\":\"https:\/\/kotbaas.be\/fr\/\"},{\"@type\":\"ListItem\",\"position\":2,\"name\":\"Bruxelles, ville estudiantine\"}]},{\"@type\":\"WebSite\",\"@id\":\"https:\/\/kotbaas.be\/fr\/#website\",\"url\":\"https:\/\/kotbaas.be\/fr\/\",\"name\":\"Kotbaas in Brussel\",\"description\":\"\",\"publisher\":{\"@id\":\"https:\/\/kotbaas.be\/fr\/#organization\"},\"alternateName\":\"Kotbaas.be\",\"potentialAction\":[{\"@type\":\"SearchAction\",\"target\":{\"@type\":\"EntryPoint\",\"urlTemplate\":\"https:\/\/kotbaas.be\/fr\/?s={search_term_string}\"},\"query-input\":{\"@type\":\"PropertyValueSpecification\",\"valueRequired\":true,\"valueName\":\"search_term_string\"}}],\"inLanguage\":\"fr-FR\"},{\"@type\":\"Organization\",\"@id\":\"https:\/\/kotbaas.be\/fr\/#organization\",\"name\":\"Brik - Student in Brussel\",\"alternateName\":\"Brik\",\"url\":\"https:\/\/kotbaas.be\/fr\/\",\"logo\":{\"@type\":\"ImageObject\",\"inLanguage\":\"fr-FR\",\"@id\":\"https:\/\/kotbaas.be\/fr\/#\/schema\/logo\/image\/\",\"url\":\"https:\/\/kotbaas.be\/wp-content\/uploads\/2023\/03\/Logo-kib-square.png\",\"contentUrl\":\"https:\/\/kotbaas.be\/wp-content\/uploads\/2023\/03\/Logo-kib-square.png\",\"width\":696,\"height\":696,\"caption\":\"Brik - Student in Brussel\"},\"image\":{\"@id\":\"https:\/\/kotbaas.be\/fr\/#\/schema\/logo\/image\/\"},\"sameAs\":[\"https:\/\/www.facebook.com\/brikpage\",\"https:\/\/x.com\/briktweets\"]}]}<\/script>\n<!-- \/ Yoast SEO plugin. -->","yoast_head_json":{"title":"Bruxelles, ville estudiantine - Kotbaas in Brussel","description":"Brussel is de grootste studentenstad van Belgi\u00eb. Zowat 50 universiteiten, hogescholen en kunsthogescholen hebben een campus of afdeling in Brussel.\u00a0","robots":{"index":"index","follow":"follow","max-snippet":"max-snippet:-1","max-image-preview":"max-image-preview:large","max-video-preview":"max-video-preview:-1"},"canonical":"https:\/\/kotbaas.be\/fr\/bruxelles-ville-estudiantine\/","og_locale":"fr_FR","og_type":"article","og_title":"Bruxelles, ville estudiantine - Kotbaas in Brussel","og_description":"Brussel is de grootste studentenstad van Belgi\u00eb. Zowat 50 universiteiten, hogescholen en kunsthogescholen hebben een campus of afdeling in Brussel.\u00a0","og_url":"https:\/\/kotbaas.be\/fr\/bruxelles-ville-estudiantine\/","og_site_name":"Kotbaas in Brussel","article_publisher":"https:\/\/www.facebook.com\/brikpage","article_modified_time":"2025-05-08T10:18:06+00:00","og_image":[{"width":1200,"height":675,"url":"https:\/\/kotbaas.be\/wp-content\/uploads\/2023\/03\/Logo-kib.png","type":"image\/png"}],"twitter_card":"summary_large_image","twitter_site":"@briktweets","twitter_misc":{"Dur\u00e9e de lecture estim\u00e9e":"1 minute"},"schema":{"@context":"https:\/\/schema.org","@graph":[{"@type":"WebPage","@id":"https:\/\/kotbaas.be\/fr\/bruxelles-ville-estudiantine\/","url":"https:\/\/kotbaas.be\/fr\/bruxelles-ville-estudiantine\/","name":"Bruxelles, ville estudiantine - Kotbaas in Brussel","isPartOf":{"@id":"https:\/\/kotbaas.be\/fr\/#website"},"datePublished":"2015-05-13T15:09:05+00:00","dateModified":"2025-05-08T10:18:06+00:00","description":"Brussel is de grootste studentenstad van Belgi\u00eb. Zowat 50 universiteiten, hogescholen en kunsthogescholen hebben een campus of afdeling in Brussel.\u00a0","breadcrumb":{"@id":"https:\/\/kotbaas.be\/fr\/bruxelles-ville-estudiantine\/#breadcrumb"},"inLanguage":"fr-FR","potentialAction":[{"@type":"ReadAction","target":["https:\/\/kotbaas.be\/fr\/bruxelles-ville-estudiantine\/"]}]},{"@type":"BreadcrumbList","@id":"https:\/\/kotbaas.be\/fr\/bruxelles-ville-estudiantine\/#breadcrumb","itemListElement":[{"@type":"ListItem","position":1,"name":"Home","item":"https:\/\/kotbaas.be\/fr\/"},{"@type":"ListItem","position":2,"name":"Bruxelles, ville estudiantine"}]},{"@type":"WebSite","@id":"https:\/\/kotbaas.be\/fr\/#website","url":"https:\/\/kotbaas.be\/fr\/","name":"Kotbaas in Brussel","description":"","publisher":{"@id":"https:\/\/kotbaas.be\/fr\/#organization"},"alternateName":"Kotbaas.be","potentialAction":[{"@type":"SearchAction","target":{"@type":"EntryPoint","urlTemplate":"https:\/\/kotbaas.be\/fr\/?s={search_term_string}"},"query-input":{"@type":"PropertyValueSpecification","valueRequired":true,"valueName":"search_term_string"}}],"inLanguage":"fr-FR"},{"@type":"Organization","@id":"https:\/\/kotbaas.be\/fr\/#organization","name":"Brik - Student in Brussel","alternateName":"Brik","url":"https:\/\/kotbaas.be\/fr\/","logo":{"@type":"ImageObject","inLanguage":"fr-FR","@id":"https:\/\/kotbaas.be\/fr\/#\/schema\/logo\/image\/","url":"https:\/\/kotbaas.be\/wp-content\/uploads\/2023\/03\/Logo-kib-square.png","contentUrl":"https:\/\/kotbaas.be\/wp-content\/uploads\/2023\/03\/Logo-kib-square.png","width":696,"height":696,"caption":"Brik - Student in Brussel"},"image":{"@id":"https:\/\/kotbaas.be\/fr\/#\/schema\/logo\/image\/"},"sameAs":["https:\/\/www.facebook.com\/brikpage","https:\/\/x.com\/briktweets"]}]}},"_links":{"self":[{"href":"https:\/\/kotbaas.be\/fr\/wp-json\/wp\/v2\/pages\/1174","targetHints":{"allow":["GET"]}}],"collection":[{"href":"https:\/\/kotbaas.be\/fr\/wp-json\/wp\/v2\/pages"}],"about":[{"href":"https:\/\/kotbaas.be\/fr\/wp-json\/wp\/v2\/types\/page"}],"author":[{"embeddable":true,"href":"https:\/\/kotbaas.be\/fr\/wp-json\/wp\/v2\/users\/2"}],"replies":[{"embeddable":true,"href":"https:\/\/kotbaas.be\/fr\/wp-json\/wp\/v2\/comments?post=1174"}],"version-history":[{"count":5,"href":"https:\/\/kotbaas.be\/fr\/wp-json\/wp\/v2\/pages\/1174\/revisions"}],"predecessor-version":[{"id":1488,"href":"https:\/\/kotbaas.be\/fr\/wp-json\/wp\/v2\/pages\/1174\/revisions\/1488"}],"wp:attachment":[{"href":"https:\/\/kotbaas.be\/fr\/wp-json\/wp\/v2\/media?parent=1174"}],"curies":[{"name":"wp","href":"https:\/\/api.w.org\/{rel}","templated":true}]}}