{"id":1171,"date":"2015-05-19T13:46:48","date_gmt":"2015-05-19T12:46:48","guid":{"rendered":"https:\/\/kotbaas.be\/een-huishoudelijk-reglement\/"},"modified":"2023-04-11T16:08:48","modified_gmt":"2023-04-11T15:08:48","slug":"reglement-dordre-interieur","status":"publish","type":"page","link":"https:\/\/kotbaas.be\/fr\/reglement-dordre-interieur\/","title":{"rendered":"R\u00e8glement d\u2019ordre int\u00e9rieur"},"content":{"rendered":"<div class=\"fusion-fullwidth fullwidth-box fusion-builder-row-1 hundred-percent-fullwidth non-hundred-percent-height-scrolling\" style=\"--awb-border-radius-top-left:0px;--awb-border-radius-top-right:0px;--awb-border-radius-bottom-right:0px;--awb-border-radius-bottom-left:0px;--awb-overflow:visible;--awb-flex-wrap:wrap;\" ><div class=\"fusion-builder-row fusion-row\"><div class=\"fusion-layout-column fusion_builder_column fusion-builder-column-0 fusion_builder_column_1_1 1_1 fusion-one-full fusion-column-first fusion-column-last\" style=\"--awb-bg-size:cover;\"><div class=\"fusion-column-wrapper fusion-column-has-shadow fusion-flex-column-wrapper-legacy\"><div class=\"fusion-title title fusion-title-1 fusion-sep-none fusion-title-text fusion-title-size-one\" style=\"--awb-text-color:#303030;--awb-font-size:35px;\"><h1 class=\"fusion-title-heading title-heading-left\" style=\"font-family:&quot;Source Sans Pro&quot;;font-style:normal;font-weight:600;margin:0;font-size:1em;line-height:1.2;\">R\u00e8glement d\u2019ordre int\u00e9rieur<\/h1><\/div><div class=\"fusion-text fusion-text-1\" style=\"--awb-font-size:16px;--awb-line-height:1.5;--awb-text-color:#303030;--awb-text-font-family:&quot;Source Sans Pro&quot;;--awb-text-font-style:normal;--awb-text-font-weight:400;\"><p><span style=\"font-weight: 400;\">Le bail locatif peut \u00eatre compl\u00e9t\u00e9 par un r\u00e8glement d\u2019ordre int\u00e9rieur. Il est pr\u00e9f\u00e9rable de l\u2019inclure dans le contrat. Ce r\u00e8glement comprend <strong>un certain nombre de dispositions<\/strong> concernant l\u2019utilisation et l\u2019entretien du logement et des parties communes. <\/span><span style=\"font-weight: 400;\"><br \/>\n<\/span><span style=\"font-weight: 400;\"><br \/>\n<\/span><span style=\"font-weight: 400;\"> Par exemple, vous pouvez convenir que\u00a0:<\/span><\/p>\n<ul>\n<li style=\"font-weight: 400;\" aria-level=\"1\"><span style=\"font-weight: 400;\">Apr\u00e8s 22\u00a0h, <strong>le calme<\/strong> dans la r\u00e9sidence \u00e9tudiante doit \u00eatre respect\u00e9<\/span><\/li>\n<li style=\"font-weight: 400;\" aria-level=\"1\"><span style=\"font-weight: 400;\">Le kot peut \u00eatre <strong>peint<\/strong> dans des couleurs neutres<\/span><\/li>\n<li style=\"font-weight: 400;\" aria-level=\"1\"><span style=\"font-weight: 400;\">Les parties communes doivent \u00eatre <strong>bien entretenues<\/strong>, par exemple au moyen d\u2019un nettoyage hebdomadaire. Vous pouvez fournir votre propre mat\u00e9riel pour ce faire et inclure le co\u00fbt dans les frais fixes du loyer.<\/span><\/li>\n<li style=\"font-weight: 400;\" aria-level=\"1\"><span style=\"font-weight: 400;\"><strong>Les d\u00e9chets<\/strong> seront enlev\u00e9s en temps voulu, dans le respect des r\u00e8gles de tri.<\/span><\/li>\n<li style=\"font-weight: 400;\" aria-level=\"1\"><span style=\"font-weight: 400;\">L\u2019immeuble est enti\u00e8rement <strong>non-fumeur<\/strong>, y compris les kots.<\/span><\/li>\n<li style=\"font-weight: 400;\" aria-level=\"1\"><span style=\"font-weight: 400;\"><strong>Le passage<\/strong> doit toujours \u00eatre <strong>laiss\u00e9 libre<\/strong> afin de ne pas compromettre l\u2019\u00e9vacuation en cas d\u2019incendie. Par exemple, vous pouvez convenir qu\u2019aucuns v\u00e9los, trottinettes, sacs poubelles, chariot de supermarch\u00e9&#8230; ne peuvent se trouver dans les couloirs.<\/span><\/li>\n<\/ul>\n<p><span style=\"font-weight: 400;\"><strong>Important:<\/strong> le r\u00e8glement d\u2019ordre int\u00e9rieur ne peut pas \u00eatre en contradiction avec le bail. Ce dernier a toujours la priorit\u00e9. <\/span><\/p>\n<\/div><div class=\"fusion-clearfix\"><\/div><\/div><\/div><\/div><\/div>\n","protected":false},"excerpt":{"rendered":"","protected":false},"author":2,"featured_media":0,"parent":0,"menu_order":0,"comment_status":"open","ping_status":"open","template":"","meta":{"footnotes":""},"class_list":["post-1171","page","type-page","status-publish","hentry"],"yoast_head":"<!-- This site is optimized with the Yoast SEO plugin v26.4 - https:\/\/yoast.com\/wordpress\/plugins\/seo\/ -->\n<title>R\u00e8glement d\u2019ordre int\u00e9rieur - Kotbaas in Brussel<\/title>\n<meta name=\"description\" content=\"De huurovereenkomst kan aangevuld worden met een huishoudelijk reglement; dit neem je dan best op in het contract.\u00a0\" \/>\n<meta name=\"robots\" content=\"index, follow, max-snippet:-1, max-image-preview:large, max-video-preview:-1\" \/>\n<link rel=\"canonical\" href=\"https:\/\/kotbaas.be\/fr\/reglement-dordre-interieur\/\" \/>\n<meta property=\"og:locale\" content=\"fr_FR\" \/>\n<meta property=\"og:type\" content=\"article\" \/>\n<meta property=\"og:title\" content=\"R\u00e8glement d\u2019ordre int\u00e9rieur - Kotbaas in Brussel\" \/>\n<meta property=\"og:description\" content=\"De huurovereenkomst kan aangevuld worden met een huishoudelijk reglement; dit neem je dan best op in het contract.\u00a0\" \/>\n<meta property=\"og:url\" content=\"https:\/\/kotbaas.be\/fr\/reglement-dordre-interieur\/\" \/>\n<meta property=\"og:site_name\" content=\"Kotbaas in Brussel\" \/>\n<meta property=\"article:publisher\" content=\"https:\/\/www.facebook.com\/brikpage\" \/>\n<meta property=\"article:modified_time\" content=\"2023-04-11T15:08:48+00:00\" \/>\n<meta property=\"og:image\" content=\"https:\/\/kotbaas.be\/wp-content\/uploads\/2023\/03\/Logo-kib.png\" \/>\n\t<meta property=\"og:image:width\" content=\"1200\" \/>\n\t<meta property=\"og:image:height\" content=\"675\" \/>\n\t<meta property=\"og:image:type\" content=\"image\/png\" \/>\n<meta name=\"twitter:card\" content=\"summary_large_image\" \/>\n<meta name=\"twitter:site\" content=\"@briktweets\" \/>\n<meta name=\"twitter:label1\" content=\"Dur\u00e9e de lecture estim\u00e9e\" \/>\n\t<meta name=\"twitter:data1\" content=\"2 minutes\" \/>\n<script type=\"application\/ld+json\" class=\"yoast-schema-graph\">{\"@context\":\"https:\/\/schema.org\",\"@graph\":[{\"@type\":\"WebPage\",\"@id\":\"https:\/\/kotbaas.be\/fr\/reglement-dordre-interieur\/\",\"url\":\"https:\/\/kotbaas.be\/fr\/reglement-dordre-interieur\/\",\"name\":\"R\u00e8glement d\u2019ordre int\u00e9rieur - Kotbaas in Brussel\",\"isPartOf\":{\"@id\":\"https:\/\/kotbaas.be\/fr\/#website\"},\"datePublished\":\"2015-05-19T12:46:48+00:00\",\"dateModified\":\"2023-04-11T15:08:48+00:00\",\"description\":\"De huurovereenkomst kan aangevuld worden met een huishoudelijk reglement; dit neem je dan best op in het contract.\u00a0\",\"breadcrumb\":{\"@id\":\"https:\/\/kotbaas.be\/fr\/reglement-dordre-interieur\/#breadcrumb\"},\"inLanguage\":\"fr-FR\",\"potentialAction\":[{\"@type\":\"ReadAction\",\"target\":[\"https:\/\/kotbaas.be\/fr\/reglement-dordre-interieur\/\"]}]},{\"@type\":\"BreadcrumbList\",\"@id\":\"https:\/\/kotbaas.be\/fr\/reglement-dordre-interieur\/#breadcrumb\",\"itemListElement\":[{\"@type\":\"ListItem\",\"position\":1,\"name\":\"Home\",\"item\":\"https:\/\/kotbaas.be\/fr\/\"},{\"@type\":\"ListItem\",\"position\":2,\"name\":\"R\u00e8glement d\u2019ordre int\u00e9rieur\"}]},{\"@type\":\"WebSite\",\"@id\":\"https:\/\/kotbaas.be\/fr\/#website\",\"url\":\"https:\/\/kotbaas.be\/fr\/\",\"name\":\"Kotbaas in Brussel\",\"description\":\"\",\"publisher\":{\"@id\":\"https:\/\/kotbaas.be\/fr\/#organization\"},\"alternateName\":\"Kotbaas.be\",\"potentialAction\":[{\"@type\":\"SearchAction\",\"target\":{\"@type\":\"EntryPoint\",\"urlTemplate\":\"https:\/\/kotbaas.be\/fr\/?s={search_term_string}\"},\"query-input\":{\"@type\":\"PropertyValueSpecification\",\"valueRequired\":true,\"valueName\":\"search_term_string\"}}],\"inLanguage\":\"fr-FR\"},{\"@type\":\"Organization\",\"@id\":\"https:\/\/kotbaas.be\/fr\/#organization\",\"name\":\"Brik - Student in Brussel\",\"alternateName\":\"Brik\",\"url\":\"https:\/\/kotbaas.be\/fr\/\",\"logo\":{\"@type\":\"ImageObject\",\"inLanguage\":\"fr-FR\",\"@id\":\"https:\/\/kotbaas.be\/fr\/#\/schema\/logo\/image\/\",\"url\":\"https:\/\/kotbaas.be\/wp-content\/uploads\/2023\/03\/Logo-kib-square.png\",\"contentUrl\":\"https:\/\/kotbaas.be\/wp-content\/uploads\/2023\/03\/Logo-kib-square.png\",\"width\":696,\"height\":696,\"caption\":\"Brik - Student in Brussel\"},\"image\":{\"@id\":\"https:\/\/kotbaas.be\/fr\/#\/schema\/logo\/image\/\"},\"sameAs\":[\"https:\/\/www.facebook.com\/brikpage\",\"https:\/\/x.com\/briktweets\"]}]}<\/script>\n<!-- \/ Yoast SEO plugin. -->","yoast_head_json":{"title":"R\u00e8glement d\u2019ordre int\u00e9rieur - Kotbaas in Brussel","description":"De huurovereenkomst kan aangevuld worden met een huishoudelijk reglement; dit neem je dan best op in het contract.\u00a0","robots":{"index":"index","follow":"follow","max-snippet":"max-snippet:-1","max-image-preview":"max-image-preview:large","max-video-preview":"max-video-preview:-1"},"canonical":"https:\/\/kotbaas.be\/fr\/reglement-dordre-interieur\/","og_locale":"fr_FR","og_type":"article","og_title":"R\u00e8glement d\u2019ordre int\u00e9rieur - Kotbaas in Brussel","og_description":"De huurovereenkomst kan aangevuld worden met een huishoudelijk reglement; dit neem je dan best op in het contract.\u00a0","og_url":"https:\/\/kotbaas.be\/fr\/reglement-dordre-interieur\/","og_site_name":"Kotbaas in Brussel","article_publisher":"https:\/\/www.facebook.com\/brikpage","article_modified_time":"2023-04-11T15:08:48+00:00","og_image":[{"width":1200,"height":675,"url":"https:\/\/kotbaas.be\/wp-content\/uploads\/2023\/03\/Logo-kib.png","type":"image\/png"}],"twitter_card":"summary_large_image","twitter_site":"@briktweets","twitter_misc":{"Dur\u00e9e de lecture estim\u00e9e":"2 minutes"},"schema":{"@context":"https:\/\/schema.org","@graph":[{"@type":"WebPage","@id":"https:\/\/kotbaas.be\/fr\/reglement-dordre-interieur\/","url":"https:\/\/kotbaas.be\/fr\/reglement-dordre-interieur\/","name":"R\u00e8glement d\u2019ordre int\u00e9rieur - Kotbaas in Brussel","isPartOf":{"@id":"https:\/\/kotbaas.be\/fr\/#website"},"datePublished":"2015-05-19T12:46:48+00:00","dateModified":"2023-04-11T15:08:48+00:00","description":"De huurovereenkomst kan aangevuld worden met een huishoudelijk reglement; dit neem je dan best op in het contract.\u00a0","breadcrumb":{"@id":"https:\/\/kotbaas.be\/fr\/reglement-dordre-interieur\/#breadcrumb"},"inLanguage":"fr-FR","potentialAction":[{"@type":"ReadAction","target":["https:\/\/kotbaas.be\/fr\/reglement-dordre-interieur\/"]}]},{"@type":"BreadcrumbList","@id":"https:\/\/kotbaas.be\/fr\/reglement-dordre-interieur\/#breadcrumb","itemListElement":[{"@type":"ListItem","position":1,"name":"Home","item":"https:\/\/kotbaas.be\/fr\/"},{"@type":"ListItem","position":2,"name":"R\u00e8glement d\u2019ordre int\u00e9rieur"}]},{"@type":"WebSite","@id":"https:\/\/kotbaas.be\/fr\/#website","url":"https:\/\/kotbaas.be\/fr\/","name":"Kotbaas in Brussel","description":"","publisher":{"@id":"https:\/\/kotbaas.be\/fr\/#organization"},"alternateName":"Kotbaas.be","potentialAction":[{"@type":"SearchAction","target":{"@type":"EntryPoint","urlTemplate":"https:\/\/kotbaas.be\/fr\/?s={search_term_string}"},"query-input":{"@type":"PropertyValueSpecification","valueRequired":true,"valueName":"search_term_string"}}],"inLanguage":"fr-FR"},{"@type":"Organization","@id":"https:\/\/kotbaas.be\/fr\/#organization","name":"Brik - Student in Brussel","alternateName":"Brik","url":"https:\/\/kotbaas.be\/fr\/","logo":{"@type":"ImageObject","inLanguage":"fr-FR","@id":"https:\/\/kotbaas.be\/fr\/#\/schema\/logo\/image\/","url":"https:\/\/kotbaas.be\/wp-content\/uploads\/2023\/03\/Logo-kib-square.png","contentUrl":"https:\/\/kotbaas.be\/wp-content\/uploads\/2023\/03\/Logo-kib-square.png","width":696,"height":696,"caption":"Brik - Student in Brussel"},"image":{"@id":"https:\/\/kotbaas.be\/fr\/#\/schema\/logo\/image\/"},"sameAs":["https:\/\/www.facebook.com\/brikpage","https:\/\/x.com\/briktweets"]}]}},"_links":{"self":[{"href":"https:\/\/kotbaas.be\/fr\/wp-json\/wp\/v2\/pages\/1171","targetHints":{"allow":["GET"]}}],"collection":[{"href":"https:\/\/kotbaas.be\/fr\/wp-json\/wp\/v2\/pages"}],"about":[{"href":"https:\/\/kotbaas.be\/fr\/wp-json\/wp\/v2\/types\/page"}],"author":[{"embeddable":true,"href":"https:\/\/kotbaas.be\/fr\/wp-json\/wp\/v2\/users\/2"}],"replies":[{"embeddable":true,"href":"https:\/\/kotbaas.be\/fr\/wp-json\/wp\/v2\/comments?post=1171"}],"version-history":[{"count":3,"href":"https:\/\/kotbaas.be\/fr\/wp-json\/wp\/v2\/pages\/1171\/revisions"}],"predecessor-version":[{"id":1257,"href":"https:\/\/kotbaas.be\/fr\/wp-json\/wp\/v2\/pages\/1171\/revisions\/1257"}],"wp:attachment":[{"href":"https:\/\/kotbaas.be\/fr\/wp-json\/wp\/v2\/media?parent=1171"}],"curies":[{"name":"wp","href":"https:\/\/api.w.org\/{rel}","templated":true}]}}