{"id":1164,"date":"2015-05-19T13:46:15","date_gmt":"2015-05-19T12:46:15","guid":{"rendered":"https:\/\/kotbaas.be\/maandelijkse-verbruikskosten\/"},"modified":"2023-04-11T16:20:20","modified_gmt":"2023-04-11T15:20:20","slug":"charges-mensuelles","status":"publish","type":"page","link":"https:\/\/kotbaas.be\/fr\/charges-mensuelles\/","title":{"rendered":"Charges mensuelles"},"content":{"rendered":"<div class=\"fusion-fullwidth fullwidth-box fusion-builder-row-1 hundred-percent-fullwidth non-hundred-percent-height-scrolling\" style=\"--awb-border-radius-top-left:0px;--awb-border-radius-top-right:0px;--awb-border-radius-bottom-right:0px;--awb-border-radius-bottom-left:0px;--awb-overflow:visible;--awb-flex-wrap:wrap;\" ><div class=\"fusion-builder-row fusion-row\"><div class=\"fusion-layout-column fusion_builder_column fusion-builder-column-0 fusion_builder_column_1_1 1_1 fusion-one-full fusion-column-first fusion-column-last\" style=\"--awb-bg-size:cover;\"><div class=\"fusion-column-wrapper fusion-column-has-shadow fusion-flex-column-wrapper-legacy\"><div class=\"fusion-title title fusion-title-1 fusion-sep-none fusion-title-text fusion-title-size-one\" style=\"--awb-text-color:#303030;--awb-font-size:35px;\"><h1 class=\"fusion-title-heading title-heading-left\" style=\"font-family:&quot;Source Sans Pro&quot;;font-style:normal;font-weight:600;margin:0;font-size:1em;line-height:1.2;\"><span style=\"font-weight: 400;\">Charges mensuelles<\/span><\/h1><\/div><div class=\"fusion-text fusion-text-1\" style=\"--awb-font-size:16px;--awb-line-height:1.5;--awb-text-color:#303030;--awb-text-font-family:&quot;Source Sans Pro&quot;;--awb-text-font-style:normal;--awb-text-font-weight:400;\"><p><span style=\"font-weight: 400;\">Pour d\u00e9terminer le montant du loyer, il est pr\u00e9f\u00e9rable de tenir compte de la part <strong>des charges<\/strong> (\u00e9lectricit\u00e9, gaz, eau) et de <strong>la connexion internet<\/strong>. Vous pouvez choisir de faire payer un montant mensuel convenu \u00e0 l\u2019avance ou d\u2019imputer mensuellement les frais r\u00e9els encourus.<\/span><\/p>\n<p><span style=\"font-weight: 400;\">Il est important que ce montant (qu\u2019il s\u2019agisse d\u2019un forfait ou d\u2019une provision) <strong>soit mentionn\u00e9 s\u00e9par\u00e9ment<\/strong> dans le bail. Il ne doit pas \u00eatre inclus dans le loyer. La mani\u00e8re dont vous imputez les frais r\u00e9els encourus doit \u00eatre pr\u00e9cis\u00e9e \u00e0 l\u2019avance.<\/span><\/p>\n<p><span style=\"font-weight: 400;\">Vous trouverez <strong>un fournisseur d\u2019acc\u00e8s \u00e0 internet<\/strong> sur le site <\/span><a href=\"http:\/\/www.bestetarief.be\/#\/home\" target=\"_blank\" rel=\"noopener\"><span style=\"font-weight: 400;\">bestetarief.be<\/span><\/a><span style=\"font-weight: 400;\">. Vous pouvez comparer <strong>les contrats d\u2019\u00e9nergie<\/strong> sur <\/span><a href=\"https:\/\/www.brugel.brussels\/\" target=\"_blank\" rel=\"noopener\"><span style=\"font-weight: 400;\">Brugel<\/span><\/a><span style=\"font-weight: 400;\">, le r\u00e9gulateur bruxellois de l\u2019\u00e9nergie. Consultez \u00e9galement <\/span><a href=\"https:\/\/www.energuide.be\/fr\/\" target=\"_blank\" rel=\"noopener\"><span style=\"font-weight: 400;\">Energids<\/span><\/a><span style=\"font-weight: 400;\">, un site d\u2019information sur l\u2019\u00e9nergie cr\u00e9\u00e9 par Sibelga, le gestionnaire du r\u00e9seau de distribution.<\/span><\/p>\n<\/div><div class=\"fusion-sep-clear\"><\/div><div class=\"fusion-separator fusion-full-width-sep\" style=\"margin-left: auto;margin-right: auto;margin-top:2%;margin-bottom:2%;width:100%;\"><div class=\"fusion-separator-border sep-single sep-solid\" style=\"--awb-height:20px;--awb-amount:20px;--awb-sep-color:#303030;border-color:#303030;border-top-width:1px;\"><\/div><\/div><div class=\"fusion-sep-clear\"><\/div>\n<div class=\"fusion-title title fusion-title-2 fusion-sep-none fusion-title-text fusion-title-size-one\" style=\"--awb-text-color:#303030;--awb-font-size:23px;\"><h1 class=\"fusion-title-heading title-heading-left\" style=\"font-family:&quot;Source Sans Pro&quot;;font-style:normal;font-weight:600;margin:0;font-size:1em;line-height:1.2;\">1. Imputation des frais r\u00e9els avec une cl\u00e9 de r\u00e9partition<\/h1><\/div><div class=\"fusion-text fusion-text-2\" style=\"--awb-font-size:16px;--awb-line-height:1.5;--awb-text-color:#303030;--awb-text-font-family:&quot;Source Sans Pro&quot;;--awb-text-font-style:normal;--awb-text-font-weight:400;\"><p><span style=\"font-weight: 400;\">Pour inciter les \u00e9tudiants locataires <strong>\u00e0 consommer mod\u00e9r\u00e9ment l\u2019\u00e9nergie<\/strong>, vous pouvez opter pour <strong>des provisions mensuelles et un d\u00e9compte \u00e0 la fin<\/strong> de la p\u00e9riode de location. Pour cela, il est obligatoire d\u2019utiliser une cl\u00e9 de r\u00e9partition convenue \u00e0 l\u2019avance.<\/span><\/p>\n<p><span style=\"font-weight: 400;\">Deux \u00e9l\u00e9ments importants entrent en consid\u00e9ration: <strong>la cl\u00e9 de r\u00e9partition<\/strong> et <strong>la p\u00e9riode de consommation<\/strong>. Pour obtenir une bonne cl\u00e9 de r\u00e9partition, il est pr\u00e9f\u00e9rable de tenir compte des diff\u00e9rences entre les kots et de la consommation pr\u00e9vue. Un kot comportant un haut plafond consomme plus de chauffage qu\u2019une pi\u00e8ce avec un plafond plus bas. Dans un studio, la consommation est aussi g\u00e9n\u00e9ralement plus \u00e9lev\u00e9e que dans un kot ordinaire. Si vous louez une ou plusieurs pi\u00e8ces de votre propre habitation, vous ne pouvez pas inclure votre consommation personnelle.\u00a0<\/span><\/p>\n<\/div><div class=\"fusion-reading-box-container reading-box-container-1\" style=\"--awb-title-color:#333333;--awb-margin-top:0px;--awb-margin-bottom:84px;\"><div class=\"reading-box\" style=\"background-color:#f6f6f6;border-width:1px;border-color:#f6f6f6;border-left-width:3px;border-left-color:var(--primary_color);border-style:solid;\"><div class=\"reading-box-description\">Si vous louez un bien comportant six kots, par exemple, vous partirez d\u2019une cl\u00e9 de r\u00e9partition de 1\/6e : chacun supporte 1\/6e des frais. S\u2019il y a deux kots dot\u00e9s de plafonds plus hauts, ils peuvent contribuer davantage au chauffage. Vous pouvez compenser cela en ajoutant un septi\u00e8me kot fictif et en divisant les frais totaux par sept : la cl\u00e9 de r\u00e9partition devient alors 1\/7e. Trois quotit\u00e9s sont imput\u00e9es aux deux grands kots (la moiti\u00e9 de 3\/7e chacun), les 4\/7e restants aux quatre petits kots (1\/7e chacun). \nVous pouvez faire de m\u00eame pour l\u2019eau et l\u2019\u00e9lectricit\u00e9. Si vous louez \u00e0 la fois des lots et un ou plusieurs studios, vous pouvez consid\u00e9rer que le studio \u00e9quivaut \u00e0 deux kots, par exemple. Pour \u00e9viter tout litige, il est conseill\u00e9 de convenir d\u00e8s le d\u00e9part de la cl\u00e9 de r\u00e9partition et de l\u2019inclure dans le bail.<\/div><div class=\"fusion-clearfix\"><\/div><\/div><\/div><div class=\"fusion-text fusion-text-3\" style=\"--awb-font-size:16px;--awb-line-height:1.5;--awb-text-color:#303030;--awb-text-font-family:&quot;Source Sans Pro&quot;;--awb-text-font-style:normal;--awb-text-font-weight:400;\"><p><span style=\"font-weight: 400;\">Pour un calcul correct, il est recommand\u00e9 de <strong>noter les relev\u00e9s de compteur<\/strong> au d\u00e9but de la location en pr\u00e9sence de l\u2019\u00e9tudiant locataire. Incluez les relev\u00e9s dans l\u2019\u00e9tat des lieux du logement ou dans le bail locatif. De cette mani\u00e8re, vous pourrez suivre vous-m\u00eame la consommation et vous pouvez calculer les frais \u00e0 la fin du contrat.<\/span><span style=\"font-weight: 400;\"><br \/>\n<\/span><\/p>\n<p><span style=\"font-weight: 400;\"><strong>N\u2019oubliez pas:<\/strong> vous devez \u00eatre en mesure de d\u00e9montrer vos frais r\u00e9els \u00e0 l\u2019aide de documents justificatifs.<\/span><\/p>\n<\/div><div class=\"fusion-sep-clear\"><\/div><div class=\"fusion-separator fusion-full-width-sep\" style=\"margin-left: auto;margin-right: auto;margin-top:2%;margin-bottom:2%;width:100%;\"><div class=\"fusion-separator-border sep-single sep-solid\" style=\"--awb-height:20px;--awb-amount:20px;--awb-sep-color:#303030;border-color:#303030;border-top-width:1px;\"><\/div><\/div><div class=\"fusion-sep-clear\"><\/div>\n<div class=\"fusion-clearfix\"><\/div><\/div><\/div><div class=\"fusion-layout-column fusion_builder_column fusion-builder-column-1 fusion_builder_column_1_1 1_1 fusion-one-full fusion-column-first fusion-column-last\" style=\"--awb-bg-size:cover;\"><div class=\"fusion-column-wrapper fusion-column-has-shadow fusion-flex-column-wrapper-legacy\"><div class=\"fusion-title title fusion-title-3 fusion-sep-none fusion-title-text fusion-title-size-one\" style=\"--awb-text-color:#303030;--awb-font-size:23px;\"><h1 class=\"fusion-title-heading title-heading-left\" style=\"font-family:&quot;Source Sans Pro&quot;;font-style:normal;font-weight:600;margin:0;font-size:1em;line-height:1.2;\">2. Calcul des frais r\u00e9els avec un relev\u00e9 de compteur individuel<\/h1><\/div><div class=\"fusion-text fusion-text-4\" style=\"--awb-font-size:16px;--awb-line-height:1.5;--awb-text-color:#303030;--awb-text-font-family:&quot;Source Sans Pro&quot;;--awb-text-font-style:normal;--awb-text-font-weight:400;\"><p><span style=\"font-weight: 400;\"><strong>\u00c9quiper chaque kot d\u2019un compteur<\/strong> d\u2019\u00e9lectricit\u00e9, de chauffage et d\u2019eau est la m\u00e9thode la plus pr\u00e9cise pour mesurer la consommation individuelle. Dans un immeuble comprenant sept kots, par exemple, cela s\u2019av\u00e8re toutefois co\u00fbteux. Dans les studios en revanche, c\u2019est souvent possible.<\/span><\/p>\n<p><span style=\"font-weight: 400;\">Pour mesurer la consommation de chauffage, <strong>certains outils<\/strong> permettent n\u00e9anmoins d\u2019obtenir un relev\u00e9 individuel avec une chaudi\u00e8re collective. Il existe deux syst\u00e8mes : un r\u00e9partiteur de frais de chauffage ou un compteur d\u2019\u00e9nergie thermique.<\/span><\/p>\n<p><span style=\"font-weight: 400;\"><strong>Un r\u00e9partiteur de frais de chauffage<\/strong>, \u00e9galement appel\u00e9 calorim\u00e8tre, mesure la diff\u00e9rence entre la temp\u00e9rature du kot et le chauffage et multiplie cette diff\u00e9rence par un coefficient qui d\u00e9pend de votre chaudi\u00e8re. <strong>L\u2019avantage<\/strong> de cette m\u00e9thode est qu\u2019il s\u2019agit d\u2019une mesure coh\u00e9rente et facile \u00e0 mettre en place. <strong>L\u2019inconv\u00e9nient<\/strong> est qu\u2019elle est moins pr\u00e9cise qu\u2019un compteur d\u2019\u00e9nergie thermique.<\/span><\/p>\n<p><span style=\"font-weight: 400;\"><strong>Un compteur d\u2019\u00e9nergie thermique<\/strong> mesure la diff\u00e9rence de temp\u00e9rature dans les tuyaux d\u2019alimentation et de retour de la chaudi\u00e8re, ainsi que le d\u00e9bit d\u2019eau. <strong>L\u2019avantage<\/strong> de cette m\u00e9thode est qu\u2019elle permet d\u2019obtenir des r\u00e9sultats bien plus pr\u00e9cis. <strong>L\u2019inconv\u00e9nient<\/strong> r\u00e9side dans le co\u00fbt des appareils et de l\u2019installation. N\u2019oubliez pas non plus que la structure de votre habitation et le trac\u00e9 des canalisations contribuent \u00e0 d\u00e9terminer le nombre d\u2019appareils n\u00e9cessaires. Cela influe sur le prix de revient. Un installateur pourra vous aider \u00e0 \u00e9tablir des devis.<\/span><\/p>\n<p><span style=\"font-weight: 400;\">Si l\u2019eau chaude de votre habitation est produite par <strong>la m\u00eame chaudi\u00e8re<\/strong>, vous devez pouvoir <strong>s\u00e9parer<\/strong> cette consommation de la chaleur mesur\u00e9e sur les chauffages. Vous pouvez par exemple fixer un forfait ou installer un appareil de mesure distinct.<\/span><\/p>\n<\/div><div class=\"fusion-sep-clear\"><\/div><div class=\"fusion-separator fusion-full-width-sep\" style=\"margin-left: auto;margin-right: auto;margin-top:2%;margin-bottom:2%;width:100%;\"><div class=\"fusion-separator-border sep-single sep-solid\" style=\"--awb-height:20px;--awb-amount:20px;--awb-sep-color:#303030;border-color:#303030;border-top-width:1px;\"><\/div><\/div><div class=\"fusion-sep-clear\"><\/div>\n<div class=\"fusion-clearfix\"><\/div><\/div><\/div><div class=\"fusion-layout-column fusion_builder_column fusion-builder-column-2 fusion_builder_column_1_1 1_1 fusion-one-full fusion-column-first fusion-column-last\" style=\"--awb-bg-size:cover;\"><div class=\"fusion-column-wrapper fusion-column-has-shadow fusion-flex-column-wrapper-legacy\"><div class=\"fusion-title title fusion-title-4 fusion-sep-none fusion-title-text fusion-title-size-one\" style=\"--awb-text-color:#303030;--awb-font-size:23px;\"><h1 class=\"fusion-title-heading title-heading-left\" style=\"font-family:&quot;Source Sans Pro&quot;;font-style:normal;font-weight:600;margin:0;font-size:1em;line-height:1.2;\">3. Un co\u00fbt fixe par mois<\/h1><\/div><div class=\"fusion-text fusion-text-5\" style=\"--awb-font-size:16px;--awb-line-height:1.5;--awb-text-color:#303030;--awb-text-font-family:&quot;Source Sans Pro&quot;;--awb-text-font-style:normal;--awb-text-font-weight:400;\"><p><span style=\"font-weight: 400;\"><strong>L\u2019avantage<\/strong> d\u2019un montant fixe est qu\u2019il s\u2019agit d\u2019un arrangement simple. Le contrat pr\u00e9voit un forfait mensuel pour les frais de consommation encourus. <strong>L\u2019inconv\u00e9nient<\/strong> est qu\u2019il faut pouvoir effectuer une bonne estimation des co\u00fbts pour couvrir la consommation. De plus, l\u2019\u00e9tudiant locataire n\u2019a aucun int\u00e9r\u00eat \u00e0 faire attention \u00e0 sa consommation d\u2019\u00e9nergie, puisque le m\u00eame montant lui est r\u00e9clam\u00e9 pour une consommation \u00e9lev\u00e9e ou faible. <\/span><\/p>\n<p><span style=\"font-weight: 400;\">Dans un kot, <strong>la consommation provient surtout<\/strong> de l\u2019eau (froide et chaude), du chauffage, de l\u2019\u00e9lectricit\u00e9 pour l\u2019\u00e9clairage, des appareils \u00e9lectrom\u00e9nagers et des appareils \u00e9lectroniques tels qu\u2019un ordinateur et un GSM. <\/span><\/p>\n<\/div><div class=\"fusion-clearfix\"><\/div><\/div><\/div><\/div><\/div>\n","protected":false},"excerpt":{"rendered":"","protected":false},"author":2,"featured_media":0,"parent":0,"menu_order":0,"comment_status":"closed","ping_status":"closed","template":"","meta":{"footnotes":""},"class_list":["post-1164","page","type-page","status-publish","hentry"],"yoast_head":"<!-- This site is optimized with the Yoast SEO plugin v26.4 - https:\/\/yoast.com\/wordpress\/plugins\/seo\/ -->\n<title>Charges mensuelles - Kotbaas in Brussel<\/title>\n<meta name=\"description\" content=\"Bij het bepalen van de\u00a0huurprijs\u00a0moet je rekening houden met het aandeel van de nutsvoorzieningen en eventuele kosten voor een internetaansluiting.\u00a0\" \/>\n<meta name=\"robots\" content=\"index, follow, max-snippet:-1, max-image-preview:large, max-video-preview:-1\" \/>\n<link rel=\"canonical\" href=\"https:\/\/kotbaas.be\/fr\/charges-mensuelles\/\" \/>\n<meta property=\"og:locale\" content=\"fr_FR\" \/>\n<meta property=\"og:type\" content=\"article\" \/>\n<meta property=\"og:title\" content=\"Charges mensuelles - Kotbaas in Brussel\" \/>\n<meta property=\"og:description\" content=\"Bij het bepalen van de\u00a0huurprijs\u00a0moet je rekening houden met het aandeel van de nutsvoorzieningen en eventuele kosten voor een internetaansluiting.\u00a0\" \/>\n<meta property=\"og:url\" content=\"https:\/\/kotbaas.be\/fr\/charges-mensuelles\/\" \/>\n<meta property=\"og:site_name\" content=\"Kotbaas in Brussel\" \/>\n<meta property=\"article:publisher\" content=\"https:\/\/www.facebook.com\/brikpage\" \/>\n<meta property=\"article:modified_time\" content=\"2023-04-11T15:20:20+00:00\" \/>\n<meta property=\"og:image\" content=\"https:\/\/kotbaas.be\/wp-content\/uploads\/2023\/03\/Logo-kib.png\" \/>\n\t<meta property=\"og:image:width\" content=\"1200\" \/>\n\t<meta property=\"og:image:height\" content=\"675\" \/>\n\t<meta property=\"og:image:type\" content=\"image\/png\" \/>\n<meta name=\"twitter:card\" content=\"summary_large_image\" \/>\n<meta name=\"twitter:site\" content=\"@briktweets\" \/>\n<meta name=\"twitter:label1\" content=\"Dur\u00e9e de lecture estim\u00e9e\" \/>\n\t<meta name=\"twitter:data1\" content=\"8 minutes\" \/>\n<script type=\"application\/ld+json\" class=\"yoast-schema-graph\">{\"@context\":\"https:\/\/schema.org\",\"@graph\":[{\"@type\":\"WebPage\",\"@id\":\"https:\/\/kotbaas.be\/fr\/charges-mensuelles\/\",\"url\":\"https:\/\/kotbaas.be\/fr\/charges-mensuelles\/\",\"name\":\"Charges mensuelles - Kotbaas in Brussel\",\"isPartOf\":{\"@id\":\"https:\/\/kotbaas.be\/fr\/#website\"},\"datePublished\":\"2015-05-19T12:46:15+00:00\",\"dateModified\":\"2023-04-11T15:20:20+00:00\",\"description\":\"Bij het bepalen van de\u00a0huurprijs\u00a0moet je rekening houden met het aandeel van de nutsvoorzieningen en eventuele kosten voor een internetaansluiting.\u00a0\",\"breadcrumb\":{\"@id\":\"https:\/\/kotbaas.be\/fr\/charges-mensuelles\/#breadcrumb\"},\"inLanguage\":\"fr-FR\",\"potentialAction\":[{\"@type\":\"ReadAction\",\"target\":[\"https:\/\/kotbaas.be\/fr\/charges-mensuelles\/\"]}]},{\"@type\":\"BreadcrumbList\",\"@id\":\"https:\/\/kotbaas.be\/fr\/charges-mensuelles\/#breadcrumb\",\"itemListElement\":[{\"@type\":\"ListItem\",\"position\":1,\"name\":\"Home\",\"item\":\"https:\/\/kotbaas.be\/fr\/\"},{\"@type\":\"ListItem\",\"position\":2,\"name\":\"Charges mensuelles\"}]},{\"@type\":\"WebSite\",\"@id\":\"https:\/\/kotbaas.be\/fr\/#website\",\"url\":\"https:\/\/kotbaas.be\/fr\/\",\"name\":\"Kotbaas in Brussel\",\"description\":\"\",\"publisher\":{\"@id\":\"https:\/\/kotbaas.be\/fr\/#organization\"},\"alternateName\":\"Kotbaas.be\",\"potentialAction\":[{\"@type\":\"SearchAction\",\"target\":{\"@type\":\"EntryPoint\",\"urlTemplate\":\"https:\/\/kotbaas.be\/fr\/?s={search_term_string}\"},\"query-input\":{\"@type\":\"PropertyValueSpecification\",\"valueRequired\":true,\"valueName\":\"search_term_string\"}}],\"inLanguage\":\"fr-FR\"},{\"@type\":\"Organization\",\"@id\":\"https:\/\/kotbaas.be\/fr\/#organization\",\"name\":\"Brik - Student in Brussel\",\"alternateName\":\"Brik\",\"url\":\"https:\/\/kotbaas.be\/fr\/\",\"logo\":{\"@type\":\"ImageObject\",\"inLanguage\":\"fr-FR\",\"@id\":\"https:\/\/kotbaas.be\/fr\/#\/schema\/logo\/image\/\",\"url\":\"https:\/\/kotbaas.be\/wp-content\/uploads\/2023\/03\/Logo-kib-square.png\",\"contentUrl\":\"https:\/\/kotbaas.be\/wp-content\/uploads\/2023\/03\/Logo-kib-square.png\",\"width\":696,\"height\":696,\"caption\":\"Brik - Student in Brussel\"},\"image\":{\"@id\":\"https:\/\/kotbaas.be\/fr\/#\/schema\/logo\/image\/\"},\"sameAs\":[\"https:\/\/www.facebook.com\/brikpage\",\"https:\/\/x.com\/briktweets\"]}]}<\/script>\n<!-- \/ Yoast SEO plugin. -->","yoast_head_json":{"title":"Charges mensuelles - Kotbaas in Brussel","description":"Bij het bepalen van de\u00a0huurprijs\u00a0moet je rekening houden met het aandeel van de nutsvoorzieningen en eventuele kosten voor een internetaansluiting.\u00a0","robots":{"index":"index","follow":"follow","max-snippet":"max-snippet:-1","max-image-preview":"max-image-preview:large","max-video-preview":"max-video-preview:-1"},"canonical":"https:\/\/kotbaas.be\/fr\/charges-mensuelles\/","og_locale":"fr_FR","og_type":"article","og_title":"Charges mensuelles - Kotbaas in Brussel","og_description":"Bij het bepalen van de\u00a0huurprijs\u00a0moet je rekening houden met het aandeel van de nutsvoorzieningen en eventuele kosten voor een internetaansluiting.\u00a0","og_url":"https:\/\/kotbaas.be\/fr\/charges-mensuelles\/","og_site_name":"Kotbaas in Brussel","article_publisher":"https:\/\/www.facebook.com\/brikpage","article_modified_time":"2023-04-11T15:20:20+00:00","og_image":[{"width":1200,"height":675,"url":"https:\/\/kotbaas.be\/wp-content\/uploads\/2023\/03\/Logo-kib.png","type":"image\/png"}],"twitter_card":"summary_large_image","twitter_site":"@briktweets","twitter_misc":{"Dur\u00e9e de lecture estim\u00e9e":"8 minutes"},"schema":{"@context":"https:\/\/schema.org","@graph":[{"@type":"WebPage","@id":"https:\/\/kotbaas.be\/fr\/charges-mensuelles\/","url":"https:\/\/kotbaas.be\/fr\/charges-mensuelles\/","name":"Charges mensuelles - Kotbaas in Brussel","isPartOf":{"@id":"https:\/\/kotbaas.be\/fr\/#website"},"datePublished":"2015-05-19T12:46:15+00:00","dateModified":"2023-04-11T15:20:20+00:00","description":"Bij het bepalen van de\u00a0huurprijs\u00a0moet je rekening houden met het aandeel van de nutsvoorzieningen en eventuele kosten voor een internetaansluiting.\u00a0","breadcrumb":{"@id":"https:\/\/kotbaas.be\/fr\/charges-mensuelles\/#breadcrumb"},"inLanguage":"fr-FR","potentialAction":[{"@type":"ReadAction","target":["https:\/\/kotbaas.be\/fr\/charges-mensuelles\/"]}]},{"@type":"BreadcrumbList","@id":"https:\/\/kotbaas.be\/fr\/charges-mensuelles\/#breadcrumb","itemListElement":[{"@type":"ListItem","position":1,"name":"Home","item":"https:\/\/kotbaas.be\/fr\/"},{"@type":"ListItem","position":2,"name":"Charges mensuelles"}]},{"@type":"WebSite","@id":"https:\/\/kotbaas.be\/fr\/#website","url":"https:\/\/kotbaas.be\/fr\/","name":"Kotbaas in Brussel","description":"","publisher":{"@id":"https:\/\/kotbaas.be\/fr\/#organization"},"alternateName":"Kotbaas.be","potentialAction":[{"@type":"SearchAction","target":{"@type":"EntryPoint","urlTemplate":"https:\/\/kotbaas.be\/fr\/?s={search_term_string}"},"query-input":{"@type":"PropertyValueSpecification","valueRequired":true,"valueName":"search_term_string"}}],"inLanguage":"fr-FR"},{"@type":"Organization","@id":"https:\/\/kotbaas.be\/fr\/#organization","name":"Brik - Student in Brussel","alternateName":"Brik","url":"https:\/\/kotbaas.be\/fr\/","logo":{"@type":"ImageObject","inLanguage":"fr-FR","@id":"https:\/\/kotbaas.be\/fr\/#\/schema\/logo\/image\/","url":"https:\/\/kotbaas.be\/wp-content\/uploads\/2023\/03\/Logo-kib-square.png","contentUrl":"https:\/\/kotbaas.be\/wp-content\/uploads\/2023\/03\/Logo-kib-square.png","width":696,"height":696,"caption":"Brik - Student in Brussel"},"image":{"@id":"https:\/\/kotbaas.be\/fr\/#\/schema\/logo\/image\/"},"sameAs":["https:\/\/www.facebook.com\/brikpage","https:\/\/x.com\/briktweets"]}]}},"_links":{"self":[{"href":"https:\/\/kotbaas.be\/fr\/wp-json\/wp\/v2\/pages\/1164","targetHints":{"allow":["GET"]}}],"collection":[{"href":"https:\/\/kotbaas.be\/fr\/wp-json\/wp\/v2\/pages"}],"about":[{"href":"https:\/\/kotbaas.be\/fr\/wp-json\/wp\/v2\/types\/page"}],"author":[{"embeddable":true,"href":"https:\/\/kotbaas.be\/fr\/wp-json\/wp\/v2\/users\/2"}],"replies":[{"embeddable":true,"href":"https:\/\/kotbaas.be\/fr\/wp-json\/wp\/v2\/comments?post=1164"}],"version-history":[{"count":4,"href":"https:\/\/kotbaas.be\/fr\/wp-json\/wp\/v2\/pages\/1164\/revisions"}],"predecessor-version":[{"id":1252,"href":"https:\/\/kotbaas.be\/fr\/wp-json\/wp\/v2\/pages\/1164\/revisions\/1252"}],"wp:attachment":[{"href":"https:\/\/kotbaas.be\/fr\/wp-json\/wp\/v2\/media?parent=1164"}],"curies":[{"name":"wp","href":"https:\/\/api.w.org\/{rel}","templated":true}]}}