{"id":1161,"date":"2023-03-23T14:50:05","date_gmt":"2023-03-23T13:50:05","guid":{"rendered":"https:\/\/kotbaas.be\/het-belang-van-de-huurprijs\/"},"modified":"2023-04-11T16:18:25","modified_gmt":"2023-04-11T15:18:25","slug":"importance-du-loyer","status":"publish","type":"page","link":"https:\/\/kotbaas.be\/fr\/importance-du-loyer\/","title":{"rendered":"Het belang van de huurprijs"},"content":{"rendered":"<div class=\"fusion-fullwidth fullwidth-box fusion-builder-row-1 hundred-percent-fullwidth non-hundred-percent-height-scrolling\" style=\"--awb-border-radius-top-left:0px;--awb-border-radius-top-right:0px;--awb-border-radius-bottom-right:0px;--awb-border-radius-bottom-left:0px;--awb-overflow:visible;--awb-flex-wrap:wrap;\" ><div class=\"fusion-builder-row fusion-row\"><div class=\"fusion-layout-column fusion_builder_column fusion-builder-column-0 fusion_builder_column_1_1 1_1 fusion-one-full fusion-column-first fusion-column-last\" style=\"--awb-bg-size:cover;\"><div class=\"fusion-column-wrapper fusion-column-has-shadow fusion-flex-column-wrapper-legacy\"><div class=\"fusion-title title fusion-title-1 fusion-sep-none fusion-title-text fusion-title-size-one\" style=\"--awb-text-color:#303030;--awb-font-size:35px;\"><h1 class=\"fusion-title-heading title-heading-left\" style=\"font-family:&quot;Source Sans Pro&quot;;font-style:normal;font-weight:600;margin:0;font-size:1em;line-height:1.2;\">L\u2019importance du loyer<\/h1><\/div><div class=\"fusion-text fusion-text-1\" style=\"--awb-font-size:16px;--awb-line-height:1.5;--awb-text-color:#303030;--awb-text-font-family:&quot;Source Sans Pro&quot;;--awb-text-font-style:normal;--awb-text-font-weight:400;\"><p><span style=\"font-weight: 400;\">Bruxelles est <strong>la ville estudiantine la plus ch\u00e8re<\/strong> du pays. Le loyer moyen d\u2019un kot est de 525\u00a0euros, hors charges. C\u2019est 5 \u00e0 20\u00a0% de plus que la moyenne belge, quel que soit le type de chambre. <strong>La p\u00e9nurie de kots abordables<\/strong> comprenant des communs est particuli\u00e8rement importante. Les nouveaux grands projets de logements pour \u00e9tudiants se concentrent principalement sur le segment haut de gamme et proposent surtout des studios et kots dot\u00e9s de leurs propres sanitaires (\u00ab\u00a0kot+\u00a0\u00bb).\u00a0<\/span><\/p>\n<p><i><span style=\"font-weight: 400;\">Les chiffres en un coup d\u2019\u0153il\u00a0:<\/span><\/i><\/p>\n<ul>\n<li style=\"font-weight: 400;\" aria-level=\"1\"><span style=\"font-weight: 400;\">Prix moyen d\u2019<strong>un kot<\/strong>: 400 euros<\/span><\/li>\n<li style=\"font-weight: 400;\" aria-level=\"1\"><span style=\"font-weight: 400;\">Prix moyen d\u2019<strong>un kot+<\/strong>: 475\u00a0euros<\/span><\/li>\n<li style=\"font-weight: 400;\" aria-level=\"1\"><span style=\"font-weight: 400;\">Prix moyen d\u2019<strong>un studio<\/strong>: 580\u00a0euros<\/span><\/li>\n<\/ul>\n<p><span style=\"font-weight: 400;\">Les \u00e9tudiants constituent <strong>un groupe cible sensible<\/strong> aux diff\u00e9rences de prix et qui ne dispose que d\u2019un budget limit\u00e9. <strong>Comparez<\/strong> les loyers de votre quartier et \u00e0 Bruxelles en g\u00e9n\u00e9ral et effectuez votre propre estimation sur cette base. Vous trouverez plus d\u2019informations sur le site <\/span><a href=\"https:\/\/loyers.brussels\/\" target=\"_blank\" rel=\"noopener\"><span style=\"font-weight: 400;\">loyers.brussels<\/span><\/a><span style=\"font-weight: 400;\">.\u00a0<\/span><\/p>\n<p><span style=\"font-weight: 400;\">Depuis d\u00e9cembre 2021, <strong>il est obligatoire<\/strong> de mentionner sur le contrat de location <strong>le loyer de r\u00e9f\u00e9rence<\/strong> d\u2019un bien similaire dans le quartier. Sur le site <\/span><a href=\"https:\/\/loyers.brussels\/?_ga=2.230144156.1096222031.1681226251-1289564289.1679489817\" target=\"_blank\" rel=\"noopener\"><span style=\"font-weight: 400;\">loyers.brussels<\/span><\/a><span style=\"font-weight: 400;\">, vous trouverez un outil permettant de d\u00e9terminer ce prix de r\u00e9f\u00e9rence pour les studios, les appartements et les maisons. <\/span><\/p>\n<\/div><div class=\"fusion-clearfix\"><\/div><\/div><\/div><\/div><\/div>\n","protected":false},"excerpt":{"rendered":"","protected":false},"author":2,"featured_media":0,"parent":0,"menu_order":0,"comment_status":"closed","ping_status":"closed","template":"","meta":{"footnotes":""},"class_list":["post-1161","page","type-page","status-publish","hentry"],"yoast_head":"<!-- This site is optimized with the Yoast SEO plugin v26.4 - https:\/\/yoast.com\/wordpress\/plugins\/seo\/ -->\n<title>Het belang van de huurprijs - Kotbaas in Brussel<\/title>\n<meta name=\"robots\" content=\"index, follow, max-snippet:-1, max-image-preview:large, max-video-preview:-1\" \/>\n<link rel=\"canonical\" href=\"https:\/\/kotbaas.be\/fr\/importance-du-loyer\/\" \/>\n<meta property=\"og:locale\" content=\"fr_FR\" \/>\n<meta property=\"og:type\" content=\"article\" \/>\n<meta property=\"og:title\" content=\"Het belang van de huurprijs - Kotbaas in Brussel\" \/>\n<meta property=\"og:url\" content=\"https:\/\/kotbaas.be\/fr\/importance-du-loyer\/\" \/>\n<meta property=\"og:site_name\" content=\"Kotbaas in Brussel\" \/>\n<meta property=\"article:publisher\" content=\"https:\/\/www.facebook.com\/brikpage\" \/>\n<meta property=\"article:modified_time\" content=\"2023-04-11T15:18:25+00:00\" \/>\n<meta property=\"og:image\" content=\"https:\/\/kotbaas.be\/wp-content\/uploads\/2023\/03\/Logo-kib.png\" \/>\n\t<meta property=\"og:image:width\" content=\"1200\" \/>\n\t<meta property=\"og:image:height\" content=\"675\" \/>\n\t<meta property=\"og:image:type\" content=\"image\/png\" \/>\n<meta name=\"twitter:card\" content=\"summary_large_image\" \/>\n<meta name=\"twitter:site\" content=\"@briktweets\" \/>\n<meta name=\"twitter:label1\" content=\"Dur\u00e9e de lecture estim\u00e9e\" \/>\n\t<meta name=\"twitter:data1\" content=\"2 minutes\" \/>\n<script type=\"application\/ld+json\" class=\"yoast-schema-graph\">{\"@context\":\"https:\/\/schema.org\",\"@graph\":[{\"@type\":\"WebPage\",\"@id\":\"https:\/\/kotbaas.be\/fr\/importance-du-loyer\/\",\"url\":\"https:\/\/kotbaas.be\/fr\/importance-du-loyer\/\",\"name\":\"Het belang van de huurprijs - Kotbaas in Brussel\",\"isPartOf\":{\"@id\":\"https:\/\/kotbaas.be\/fr\/#website\"},\"datePublished\":\"2023-03-23T13:50:05+00:00\",\"dateModified\":\"2023-04-11T15:18:25+00:00\",\"breadcrumb\":{\"@id\":\"https:\/\/kotbaas.be\/fr\/importance-du-loyer\/#breadcrumb\"},\"inLanguage\":\"fr-FR\",\"potentialAction\":[{\"@type\":\"ReadAction\",\"target\":[\"https:\/\/kotbaas.be\/fr\/importance-du-loyer\/\"]}]},{\"@type\":\"BreadcrumbList\",\"@id\":\"https:\/\/kotbaas.be\/fr\/importance-du-loyer\/#breadcrumb\",\"itemListElement\":[{\"@type\":\"ListItem\",\"position\":1,\"name\":\"Home\",\"item\":\"https:\/\/kotbaas.be\/fr\/\"},{\"@type\":\"ListItem\",\"position\":2,\"name\":\"Het belang van de huurprijs\"}]},{\"@type\":\"WebSite\",\"@id\":\"https:\/\/kotbaas.be\/fr\/#website\",\"url\":\"https:\/\/kotbaas.be\/fr\/\",\"name\":\"Kotbaas in Brussel\",\"description\":\"\",\"publisher\":{\"@id\":\"https:\/\/kotbaas.be\/fr\/#organization\"},\"alternateName\":\"Kotbaas.be\",\"potentialAction\":[{\"@type\":\"SearchAction\",\"target\":{\"@type\":\"EntryPoint\",\"urlTemplate\":\"https:\/\/kotbaas.be\/fr\/?s={search_term_string}\"},\"query-input\":{\"@type\":\"PropertyValueSpecification\",\"valueRequired\":true,\"valueName\":\"search_term_string\"}}],\"inLanguage\":\"fr-FR\"},{\"@type\":\"Organization\",\"@id\":\"https:\/\/kotbaas.be\/fr\/#organization\",\"name\":\"Brik - Student in Brussel\",\"alternateName\":\"Brik\",\"url\":\"https:\/\/kotbaas.be\/fr\/\",\"logo\":{\"@type\":\"ImageObject\",\"inLanguage\":\"fr-FR\",\"@id\":\"https:\/\/kotbaas.be\/fr\/#\/schema\/logo\/image\/\",\"url\":\"https:\/\/kotbaas.be\/wp-content\/uploads\/2023\/03\/Logo-kib-square.png\",\"contentUrl\":\"https:\/\/kotbaas.be\/wp-content\/uploads\/2023\/03\/Logo-kib-square.png\",\"width\":696,\"height\":696,\"caption\":\"Brik - Student in Brussel\"},\"image\":{\"@id\":\"https:\/\/kotbaas.be\/fr\/#\/schema\/logo\/image\/\"},\"sameAs\":[\"https:\/\/www.facebook.com\/brikpage\",\"https:\/\/x.com\/briktweets\"]}]}<\/script>\n<!-- \/ Yoast SEO plugin. -->","yoast_head_json":{"title":"Het belang van de huurprijs - Kotbaas in Brussel","robots":{"index":"index","follow":"follow","max-snippet":"max-snippet:-1","max-image-preview":"max-image-preview:large","max-video-preview":"max-video-preview:-1"},"canonical":"https:\/\/kotbaas.be\/fr\/importance-du-loyer\/","og_locale":"fr_FR","og_type":"article","og_title":"Het belang van de huurprijs - Kotbaas in Brussel","og_url":"https:\/\/kotbaas.be\/fr\/importance-du-loyer\/","og_site_name":"Kotbaas in Brussel","article_publisher":"https:\/\/www.facebook.com\/brikpage","article_modified_time":"2023-04-11T15:18:25+00:00","og_image":[{"width":1200,"height":675,"url":"https:\/\/kotbaas.be\/wp-content\/uploads\/2023\/03\/Logo-kib.png","type":"image\/png"}],"twitter_card":"summary_large_image","twitter_site":"@briktweets","twitter_misc":{"Dur\u00e9e de lecture estim\u00e9e":"2 minutes"},"schema":{"@context":"https:\/\/schema.org","@graph":[{"@type":"WebPage","@id":"https:\/\/kotbaas.be\/fr\/importance-du-loyer\/","url":"https:\/\/kotbaas.be\/fr\/importance-du-loyer\/","name":"Het belang van de huurprijs - Kotbaas in Brussel","isPartOf":{"@id":"https:\/\/kotbaas.be\/fr\/#website"},"datePublished":"2023-03-23T13:50:05+00:00","dateModified":"2023-04-11T15:18:25+00:00","breadcrumb":{"@id":"https:\/\/kotbaas.be\/fr\/importance-du-loyer\/#breadcrumb"},"inLanguage":"fr-FR","potentialAction":[{"@type":"ReadAction","target":["https:\/\/kotbaas.be\/fr\/importance-du-loyer\/"]}]},{"@type":"BreadcrumbList","@id":"https:\/\/kotbaas.be\/fr\/importance-du-loyer\/#breadcrumb","itemListElement":[{"@type":"ListItem","position":1,"name":"Home","item":"https:\/\/kotbaas.be\/fr\/"},{"@type":"ListItem","position":2,"name":"Het belang van de huurprijs"}]},{"@type":"WebSite","@id":"https:\/\/kotbaas.be\/fr\/#website","url":"https:\/\/kotbaas.be\/fr\/","name":"Kotbaas in Brussel","description":"","publisher":{"@id":"https:\/\/kotbaas.be\/fr\/#organization"},"alternateName":"Kotbaas.be","potentialAction":[{"@type":"SearchAction","target":{"@type":"EntryPoint","urlTemplate":"https:\/\/kotbaas.be\/fr\/?s={search_term_string}"},"query-input":{"@type":"PropertyValueSpecification","valueRequired":true,"valueName":"search_term_string"}}],"inLanguage":"fr-FR"},{"@type":"Organization","@id":"https:\/\/kotbaas.be\/fr\/#organization","name":"Brik - Student in Brussel","alternateName":"Brik","url":"https:\/\/kotbaas.be\/fr\/","logo":{"@type":"ImageObject","inLanguage":"fr-FR","@id":"https:\/\/kotbaas.be\/fr\/#\/schema\/logo\/image\/","url":"https:\/\/kotbaas.be\/wp-content\/uploads\/2023\/03\/Logo-kib-square.png","contentUrl":"https:\/\/kotbaas.be\/wp-content\/uploads\/2023\/03\/Logo-kib-square.png","width":696,"height":696,"caption":"Brik - Student in Brussel"},"image":{"@id":"https:\/\/kotbaas.be\/fr\/#\/schema\/logo\/image\/"},"sameAs":["https:\/\/www.facebook.com\/brikpage","https:\/\/x.com\/briktweets"]}]}},"_links":{"self":[{"href":"https:\/\/kotbaas.be\/fr\/wp-json\/wp\/v2\/pages\/1161","targetHints":{"allow":["GET"]}}],"collection":[{"href":"https:\/\/kotbaas.be\/fr\/wp-json\/wp\/v2\/pages"}],"about":[{"href":"https:\/\/kotbaas.be\/fr\/wp-json\/wp\/v2\/types\/page"}],"author":[{"embeddable":true,"href":"https:\/\/kotbaas.be\/fr\/wp-json\/wp\/v2\/users\/2"}],"replies":[{"embeddable":true,"href":"https:\/\/kotbaas.be\/fr\/wp-json\/wp\/v2\/comments?post=1161"}],"version-history":[{"count":4,"href":"https:\/\/kotbaas.be\/fr\/wp-json\/wp\/v2\/pages\/1161\/revisions"}],"predecessor-version":[{"id":1259,"href":"https:\/\/kotbaas.be\/fr\/wp-json\/wp\/v2\/pages\/1161\/revisions\/1259"}],"wp:attachment":[{"href":"https:\/\/kotbaas.be\/fr\/wp-json\/wp\/v2\/media?parent=1161"}],"curies":[{"name":"wp","href":"https:\/\/api.w.org\/{rel}","templated":true}]}}