{"id":1147,"date":"2015-05-18T10:17:50","date_gmt":"2015-05-18T09:17:50","guid":{"rendered":"https:\/\/kotbaas.be\/mogelijke-premies-voor-je-studentenwoning\/"},"modified":"2023-04-07T10:11:34","modified_gmt":"2023-04-07T09:11:34","slug":"primes-possibles-pour-votre-logement-etudiant","status":"publish","type":"page","link":"https:\/\/kotbaas.be\/fr\/primes-possibles-pour-votre-logement-etudiant\/","title":{"rendered":"Primes possibles pour votre logement \u00e9tudiant"},"content":{"rendered":"<div class=\"fusion-fullwidth fullwidth-box fusion-builder-row-1 fusion-flex-container has-pattern-background has-mask-background nonhundred-percent-fullwidth non-hundred-percent-height-scrolling\" style=\"--awb-border-radius-top-left:0px;--awb-border-radius-top-right:0px;--awb-border-radius-bottom-right:0px;--awb-border-radius-bottom-left:0px;--awb-flex-wrap:wrap;\" ><div class=\"fusion-builder-row fusion-row fusion-flex-align-items-flex-start fusion-flex-content-wrap\" style=\"max-width:1144px;margin-left: calc(-4% \/ 2 );margin-right: calc(-4% \/ 2 );\"><div class=\"fusion-layout-column fusion_builder_column fusion-builder-column-0 fusion_builder_column_1_1 1_1 fusion-flex-column\" style=\"--awb-bg-size:cover;--awb-width-large:100%;--awb-margin-top-large:0px;--awb-spacing-right-large:1.92%;--awb-margin-bottom-large:20px;--awb-spacing-left-large:1.92%;--awb-width-medium:100%;--awb-order-medium:0;--awb-spacing-right-medium:1.92%;--awb-spacing-left-medium:1.92%;--awb-width-small:100%;--awb-order-small:0;--awb-spacing-right-small:1.92%;--awb-spacing-left-small:1.92%;\"><div class=\"fusion-column-wrapper fusion-column-has-shadow fusion-flex-justify-content-flex-start fusion-content-layout-column\"><div class=\"fusion-title title fusion-title-1 fusion-sep-none fusion-title-text fusion-title-size-one\" style=\"--awb-font-size:35px;\"><h1 class=\"fusion-title-heading title-heading-left\" style=\"font-family:&quot;Source Sans Pro&quot;;font-style:normal;font-weight:600;margin:0;font-size:1em;line-height:1.2;\"><span style=\"font-weight: 400;\">Primes possibles pour votre logement \u00e9tudiant<\/span><\/h1><\/div><div class=\"fusion-text fusion-text-1\" style=\"--awb-font-size:16px;--awb-line-height:1.5;--awb-letter-spacing:0.015em;--awb-text-color:#303030;--awb-text-font-family:&quot;Source Sans Pro&quot;;--awb-text-font-style:normal;--awb-text-font-weight:400;\"><p><span style=\"font-weight: 400;\">Depuis le 1<\/span><span style=\"font-weight: 400;\">er<\/span><span style=\"font-weight: 400;\"> janvier 2022, la plateforme <\/span><a href=\"https:\/\/renolution.brussels\/fr\" target=\"_blank\" rel=\"noopener\"><span style=\"font-weight: 400;\">Renolution.brussels<\/span><\/a><span style=\"font-weight: 400;\"> s\u2019adresse aux propri\u00e9taires. Elle rassemble toutes les informations sur <strong>les primes r\u00e9gionales \u00e0 l\u2019\u00e9nergie<\/strong> et <strong>les primes pour la r\u00e9novation<\/strong> de votre habitation et l\u2019embellissement des fa\u00e7ades. Au total, <strong>45 primes<\/strong> sont disponibles pour les travaux de r\u00e9novation et visant \u00e0 \u00e9conomiser l\u2019\u00e9nergie. En outre, la R\u00e9gion de Bruxelles-Capitale vous accompagne dans votre projet de r\u00e9novation.<\/span><\/p>\n<p><span style=\"font-weight: 400;\"><strong>Bon \u00e0 savoir:<\/strong> depuis l\u2019exercice d\u2019imposition 2017, la R\u00e9gion de Bruxelles-Capitale a supprim\u00e9 la r\u00e9duction d\u2019imp\u00f4t pour l\u2019isolation des toitures. <\/span><\/p>\n<\/div><\/div><\/div><\/div><\/div>\n","protected":false},"excerpt":{"rendered":"","protected":false},"author":2,"featured_media":0,"parent":0,"menu_order":0,"comment_status":"closed","ping_status":"closed","template":"","meta":{"footnotes":""},"class_list":["post-1147","page","type-page","status-publish","hentry"],"yoast_head":"<!-- This site is optimized with the Yoast SEO plugin v26.4 - https:\/\/yoast.com\/wordpress\/plugins\/seo\/ -->\n<title>Primes possibles pour votre logement \u00e9tudiant - Kotbaas in Brussel<\/title>\n<meta name=\"description\" content=\"Er zijn een aantal premies zodat het investeren in een energie-effici\u00ebnte, comfortabele en moderne woning voor eigenaars mogelijk wordt.\" \/>\n<meta name=\"robots\" content=\"index, follow, max-snippet:-1, max-image-preview:large, max-video-preview:-1\" \/>\n<link rel=\"canonical\" href=\"https:\/\/kotbaas.be\/fr\/primes-possibles-pour-votre-logement-etudiant\/\" \/>\n<meta property=\"og:locale\" content=\"fr_FR\" \/>\n<meta property=\"og:type\" content=\"article\" \/>\n<meta property=\"og:title\" content=\"Primes possibles pour votre logement \u00e9tudiant - Kotbaas in Brussel\" \/>\n<meta property=\"og:description\" content=\"Er zijn een aantal premies zodat het investeren in een energie-effici\u00ebnte, comfortabele en moderne woning voor eigenaars mogelijk wordt.\" \/>\n<meta property=\"og:url\" content=\"https:\/\/kotbaas.be\/fr\/primes-possibles-pour-votre-logement-etudiant\/\" \/>\n<meta property=\"og:site_name\" content=\"Kotbaas in Brussel\" \/>\n<meta property=\"article:publisher\" content=\"https:\/\/www.facebook.com\/brikpage\" \/>\n<meta property=\"article:modified_time\" content=\"2023-04-07T09:11:34+00:00\" \/>\n<meta property=\"og:image\" content=\"https:\/\/kotbaas.be\/wp-content\/uploads\/2023\/03\/Logo-kib.png\" \/>\n\t<meta property=\"og:image:width\" content=\"1200\" \/>\n\t<meta property=\"og:image:height\" content=\"675\" \/>\n\t<meta property=\"og:image:type\" content=\"image\/png\" \/>\n<meta name=\"twitter:card\" content=\"summary_large_image\" \/>\n<meta name=\"twitter:site\" content=\"@briktweets\" \/>\n<meta name=\"twitter:label1\" content=\"Dur\u00e9e de lecture estim\u00e9e\" \/>\n\t<meta name=\"twitter:data1\" content=\"2 minutes\" \/>\n<script type=\"application\/ld+json\" class=\"yoast-schema-graph\">{\"@context\":\"https:\/\/schema.org\",\"@graph\":[{\"@type\":\"WebPage\",\"@id\":\"https:\/\/kotbaas.be\/fr\/primes-possibles-pour-votre-logement-etudiant\/\",\"url\":\"https:\/\/kotbaas.be\/fr\/primes-possibles-pour-votre-logement-etudiant\/\",\"name\":\"Primes possibles pour votre logement \u00e9tudiant - Kotbaas in Brussel\",\"isPartOf\":{\"@id\":\"https:\/\/kotbaas.be\/fr\/#website\"},\"datePublished\":\"2015-05-18T09:17:50+00:00\",\"dateModified\":\"2023-04-07T09:11:34+00:00\",\"description\":\"Er zijn een aantal premies zodat het investeren in een energie-effici\u00ebnte, comfortabele en moderne woning voor eigenaars mogelijk wordt.\",\"breadcrumb\":{\"@id\":\"https:\/\/kotbaas.be\/fr\/primes-possibles-pour-votre-logement-etudiant\/#breadcrumb\"},\"inLanguage\":\"fr-FR\",\"potentialAction\":[{\"@type\":\"ReadAction\",\"target\":[\"https:\/\/kotbaas.be\/fr\/primes-possibles-pour-votre-logement-etudiant\/\"]}]},{\"@type\":\"BreadcrumbList\",\"@id\":\"https:\/\/kotbaas.be\/fr\/primes-possibles-pour-votre-logement-etudiant\/#breadcrumb\",\"itemListElement\":[{\"@type\":\"ListItem\",\"position\":1,\"name\":\"Home\",\"item\":\"https:\/\/kotbaas.be\/fr\/\"},{\"@type\":\"ListItem\",\"position\":2,\"name\":\"Primes possibles pour votre logement \u00e9tudiant\"}]},{\"@type\":\"WebSite\",\"@id\":\"https:\/\/kotbaas.be\/fr\/#website\",\"url\":\"https:\/\/kotbaas.be\/fr\/\",\"name\":\"Kotbaas in Brussel\",\"description\":\"\",\"publisher\":{\"@id\":\"https:\/\/kotbaas.be\/fr\/#organization\"},\"alternateName\":\"Kotbaas.be\",\"potentialAction\":[{\"@type\":\"SearchAction\",\"target\":{\"@type\":\"EntryPoint\",\"urlTemplate\":\"https:\/\/kotbaas.be\/fr\/?s={search_term_string}\"},\"query-input\":{\"@type\":\"PropertyValueSpecification\",\"valueRequired\":true,\"valueName\":\"search_term_string\"}}],\"inLanguage\":\"fr-FR\"},{\"@type\":\"Organization\",\"@id\":\"https:\/\/kotbaas.be\/fr\/#organization\",\"name\":\"Brik - Student in Brussel\",\"alternateName\":\"Brik\",\"url\":\"https:\/\/kotbaas.be\/fr\/\",\"logo\":{\"@type\":\"ImageObject\",\"inLanguage\":\"fr-FR\",\"@id\":\"https:\/\/kotbaas.be\/fr\/#\/schema\/logo\/image\/\",\"url\":\"https:\/\/kotbaas.be\/wp-content\/uploads\/2023\/03\/Logo-kib-square.png\",\"contentUrl\":\"https:\/\/kotbaas.be\/wp-content\/uploads\/2023\/03\/Logo-kib-square.png\",\"width\":696,\"height\":696,\"caption\":\"Brik - Student in Brussel\"},\"image\":{\"@id\":\"https:\/\/kotbaas.be\/fr\/#\/schema\/logo\/image\/\"},\"sameAs\":[\"https:\/\/www.facebook.com\/brikpage\",\"https:\/\/x.com\/briktweets\"]}]}<\/script>\n<!-- \/ Yoast SEO plugin. -->","yoast_head_json":{"title":"Primes possibles pour votre logement \u00e9tudiant - Kotbaas in Brussel","description":"Er zijn een aantal premies zodat het investeren in een energie-effici\u00ebnte, comfortabele en moderne woning voor eigenaars mogelijk wordt.","robots":{"index":"index","follow":"follow","max-snippet":"max-snippet:-1","max-image-preview":"max-image-preview:large","max-video-preview":"max-video-preview:-1"},"canonical":"https:\/\/kotbaas.be\/fr\/primes-possibles-pour-votre-logement-etudiant\/","og_locale":"fr_FR","og_type":"article","og_title":"Primes possibles pour votre logement \u00e9tudiant - Kotbaas in Brussel","og_description":"Er zijn een aantal premies zodat het investeren in een energie-effici\u00ebnte, comfortabele en moderne woning voor eigenaars mogelijk wordt.","og_url":"https:\/\/kotbaas.be\/fr\/primes-possibles-pour-votre-logement-etudiant\/","og_site_name":"Kotbaas in Brussel","article_publisher":"https:\/\/www.facebook.com\/brikpage","article_modified_time":"2023-04-07T09:11:34+00:00","og_image":[{"width":1200,"height":675,"url":"https:\/\/kotbaas.be\/wp-content\/uploads\/2023\/03\/Logo-kib.png","type":"image\/png"}],"twitter_card":"summary_large_image","twitter_site":"@briktweets","twitter_misc":{"Dur\u00e9e de lecture estim\u00e9e":"2 minutes"},"schema":{"@context":"https:\/\/schema.org","@graph":[{"@type":"WebPage","@id":"https:\/\/kotbaas.be\/fr\/primes-possibles-pour-votre-logement-etudiant\/","url":"https:\/\/kotbaas.be\/fr\/primes-possibles-pour-votre-logement-etudiant\/","name":"Primes possibles pour votre logement \u00e9tudiant - Kotbaas in Brussel","isPartOf":{"@id":"https:\/\/kotbaas.be\/fr\/#website"},"datePublished":"2015-05-18T09:17:50+00:00","dateModified":"2023-04-07T09:11:34+00:00","description":"Er zijn een aantal premies zodat het investeren in een energie-effici\u00ebnte, comfortabele en moderne woning voor eigenaars mogelijk wordt.","breadcrumb":{"@id":"https:\/\/kotbaas.be\/fr\/primes-possibles-pour-votre-logement-etudiant\/#breadcrumb"},"inLanguage":"fr-FR","potentialAction":[{"@type":"ReadAction","target":["https:\/\/kotbaas.be\/fr\/primes-possibles-pour-votre-logement-etudiant\/"]}]},{"@type":"BreadcrumbList","@id":"https:\/\/kotbaas.be\/fr\/primes-possibles-pour-votre-logement-etudiant\/#breadcrumb","itemListElement":[{"@type":"ListItem","position":1,"name":"Home","item":"https:\/\/kotbaas.be\/fr\/"},{"@type":"ListItem","position":2,"name":"Primes possibles pour votre logement \u00e9tudiant"}]},{"@type":"WebSite","@id":"https:\/\/kotbaas.be\/fr\/#website","url":"https:\/\/kotbaas.be\/fr\/","name":"Kotbaas in Brussel","description":"","publisher":{"@id":"https:\/\/kotbaas.be\/fr\/#organization"},"alternateName":"Kotbaas.be","potentialAction":[{"@type":"SearchAction","target":{"@type":"EntryPoint","urlTemplate":"https:\/\/kotbaas.be\/fr\/?s={search_term_string}"},"query-input":{"@type":"PropertyValueSpecification","valueRequired":true,"valueName":"search_term_string"}}],"inLanguage":"fr-FR"},{"@type":"Organization","@id":"https:\/\/kotbaas.be\/fr\/#organization","name":"Brik - Student in Brussel","alternateName":"Brik","url":"https:\/\/kotbaas.be\/fr\/","logo":{"@type":"ImageObject","inLanguage":"fr-FR","@id":"https:\/\/kotbaas.be\/fr\/#\/schema\/logo\/image\/","url":"https:\/\/kotbaas.be\/wp-content\/uploads\/2023\/03\/Logo-kib-square.png","contentUrl":"https:\/\/kotbaas.be\/wp-content\/uploads\/2023\/03\/Logo-kib-square.png","width":696,"height":696,"caption":"Brik - Student in Brussel"},"image":{"@id":"https:\/\/kotbaas.be\/fr\/#\/schema\/logo\/image\/"},"sameAs":["https:\/\/www.facebook.com\/brikpage","https:\/\/x.com\/briktweets"]}]}},"_links":{"self":[{"href":"https:\/\/kotbaas.be\/fr\/wp-json\/wp\/v2\/pages\/1147","targetHints":{"allow":["GET"]}}],"collection":[{"href":"https:\/\/kotbaas.be\/fr\/wp-json\/wp\/v2\/pages"}],"about":[{"href":"https:\/\/kotbaas.be\/fr\/wp-json\/wp\/v2\/types\/page"}],"author":[{"embeddable":true,"href":"https:\/\/kotbaas.be\/fr\/wp-json\/wp\/v2\/users\/2"}],"replies":[{"embeddable":true,"href":"https:\/\/kotbaas.be\/fr\/wp-json\/wp\/v2\/comments?post=1147"}],"version-history":[{"count":4,"href":"https:\/\/kotbaas.be\/fr\/wp-json\/wp\/v2\/pages\/1147\/revisions"}],"predecessor-version":[{"id":1222,"href":"https:\/\/kotbaas.be\/fr\/wp-json\/wp\/v2\/pages\/1147\/revisions\/1222"}],"wp:attachment":[{"href":"https:\/\/kotbaas.be\/fr\/wp-json\/wp\/v2\/media?parent=1147"}],"curies":[{"name":"wp","href":"https:\/\/api.w.org\/{rel}","templated":true}]}}