{"id":1121,"date":"2015-05-19T16:16:20","date_gmt":"2015-05-19T15:16:20","guid":{"rendered":"https:\/\/kotbaas.be\/home\/"},"modified":"2025-05-08T11:09:53","modified_gmt":"2025-05-08T10:09:53","slug":"home","status":"publish","type":"page","link":"https:\/\/kotbaas.be\/fr\/","title":{"rendered":"Home"},"content":{"rendered":"<p><div class=\"fusion-fullwidth fullwidth-box fusion-builder-row-1 fusion-flex-container has-pattern-background has-mask-background nonhundred-percent-fullwidth non-hundred-percent-height-scrolling\" style=\"--awb-border-radius-top-left:0px;--awb-border-radius-top-right:0px;--awb-border-radius-bottom-right:0px;--awb-border-radius-bottom-left:0px;--awb-flex-wrap:wrap;\" ><div class=\"fusion-builder-row fusion-row fusion-flex-align-items-flex-start fusion-flex-content-wrap\" style=\"max-width:1144px;margin-left: calc(-4% \/ 2 );margin-right: calc(-4% \/ 2 );\"><div class=\"fusion-layout-column fusion_builder_column fusion-builder-column-0 fusion_builder_column_1_1 1_1 fusion-flex-column\" style=\"--awb-bg-size:cover;--awb-width-large:100%;--awb-margin-top-large:0px;--awb-spacing-right-large:1.92%;--awb-margin-bottom-large:20px;--awb-spacing-left-large:1.92%;--awb-width-medium:100%;--awb-order-medium:0;--awb-spacing-right-medium:1.92%;--awb-spacing-left-medium:1.92%;--awb-width-small:100%;--awb-order-small:0;--awb-spacing-right-small:1.92%;--awb-spacing-left-small:1.92%;\"><div class=\"fusion-column-wrapper fusion-column-has-shadow fusion-flex-justify-content-flex-start fusion-content-layout-column\"><div class=\"fusion-title title fusion-title-1 fusion-sep-none fusion-title-text fusion-title-size-one\" style=\"--awb-font-size:35px;\"><h1 class=\"fusion-title-heading title-heading-left\" style=\"font-family:var(--awb-typography1-font-family);font-weight:var(--awb-typography1-font-weight);font-style:var(--awb-typography1-font-style);margin:0;text-transform:var(--awb-typography1-text-transform);font-size:1em;line-height:var(--awb-typography1-line-height);\">Propri\u00e9taire \u00e0 Bruxelles ?<\/h1><\/div><div class=\"fusion-text fusion-text-1\" style=\"--awb-font-size:20px;--awb-line-height:1.5;--awb-letter-spacing:0.015em;--awb-text-transform:var(--awb-typography4-text-transform);--awb-text-color:#303030;--awb-text-font-family:var(--awb-typography4-font-family);--awb-text-font-weight:var(--awb-typography4-font-weight);--awb-text-font-style:var(--awb-typography4-font-style);\"><p><span style=\"font-weight: 400;\">Vous \u00eates propri\u00e9taire \u00e0 Bruxelles ? Pas facile de transformer votre bien en kot. Vous trouverez ici <\/span><b>des r\u00e9ponses \u00e0 toutes vos questions<\/b><span style=\"font-weight: 400;\"> concernant la r\u00e9glementation en mati\u00e8re de logement, les primes et taxes, les baux locatifs, les charges et les assurances. Bienvenue !<\/span><\/p>\n<\/div><div class=\"fusion-title title fusion-title-2 fusion-title-center fusion-title-text fusion-title-size-one\" style=\"--awb-text-color:#da2037;--awb-sep-color:#303030;--awb-font-size:var(--awb-typography1-font-size);\"><div class=\"title-sep-container title-sep-container-left\"><div class=\"title-sep sep-single sep-solid\" style=\"border-color:#303030;\"><\/div><\/div><span class=\"awb-title-spacer\"><\/span><h1 class=\"fusion-title-heading title-heading-center\" style=\"font-family:var(--awb-typography1-font-family);font-weight:var(--awb-typography1-font-weight);font-style:var(--awb-typography1-font-style);margin:0;text-transform:var(--awb-typography1-text-transform);font-size:1em;line-height:var(--awb-typography1-line-height);\">En trois chiffres:<\/h1><span class=\"awb-title-spacer\"><\/span><div class=\"title-sep-container title-sep-container-right\"><div class=\"title-sep sep-single sep-solid\" style=\"border-color:#303030;\"><\/div><\/div><\/div><div class=\"fusion-counters-box counters-box row fusion-clearfix fusion-columns-3\" style=\"--awb-body-color:#303030;--awb-body-size:18;--awb-border-color:#f6f6f6;--awb-color:#c20016;--awb-border-color:#f6f6f6;\"><div class=\"fusion-counter-box fusion-column col-counter-box counter-box-wrapper col-lg-4 col-md-4 col-sm-4 fusion-counter-box-icon-top\" data-animationOffset=\"top-into-view\"><div class=\"counter-box-container\"><div class=\"content-box-percentage content-box-counter\"><i class=\"counter-box-icon fontawesome-icon fa-graduation-cap fas\" aria-hidden=\"true\"><\/i><span class=\"display-counter\" data-value=\"137.000\" data-delimiter=\".\" data-direction=\"up\" data-decimals=\"3\">0<\/span><\/div><div class=\"counter-box-content\">Bruxelles est la plus grande ville estudiantine de Belgique. Ces derni\u00e8res ann\u00e9es, le nombre d\u2019\u00e9tudiants \u00e0 Bruxelles est pass\u00e9 \u00e0 plus de 137 000.<\/div><\/div><\/div><div class=\"fusion-counter-box fusion-column col-counter-box counter-box-wrapper col-lg-4 col-md-4 col-sm-4 fusion-counter-box-icon-top\" data-animationOffset=\"top-into-view\"><div class=\"counter-box-container\"><div class=\"content-box-percentage content-box-counter\"><i class=\"counter-box-icon fontawesome-icon fa-home fas\" aria-hidden=\"true\"><\/i><span class=\"display-counter\" data-value=\"40\" data-direction=\"up\" data-decimals=\"0\">0<\/span><span class=\"unit\">%<\/span><\/div><div class=\"counter-box-content\">On estime qu\u2019entre un tiers et la moiti\u00e9 des \u00e9tudiants de Bruxelles vivent en kot.<\/div><\/div><\/div><div class=\"fusion-counter-box fusion-column col-counter-box counter-box-wrapper col-lg-4 col-md-4 col-sm-4 fusion-counter-box-icon-top\" data-animationOffset=\"top-into-view\"><div class=\"counter-box-container\"><div class=\"content-box-percentage content-box-counter\"><i class=\"counter-box-icon fontawesome-icon fa-question fas\" aria-hidden=\"true\"><\/i><span class=\"display-counter\" data-value=\"10000\" data-delimiter=\".\" data-direction=\"up\" data-decimals=\"0\">0<\/span><\/div><div class=\"counter-box-content\">La p\u00e9nurie de kots \u00e0 Bruxelles est estim\u00e9e \u00e0 plus de 10 000.<\/div><\/div><\/div><\/div><div class=\"fusion-text fusion-text-2\" style=\"--awb-font-size:var(--awb-typography4-font-size);--awb-line-height:1.5;--awb-letter-spacing:0.015em;--awb-text-transform:var(--awb-typography4-text-transform);--awb-text-color:#303030;--awb-text-font-family:var(--awb-typography4-font-family);--awb-text-font-weight:var(--awb-typography4-font-weight);--awb-text-font-style:var(--awb-typography4-font-style);\"><p><span style=\"font-weight: 400;\">Vous souhaitez vous faire <\/span><b>une id\u00e9e du type de kots<\/b><span style=\"font-weight: 400;\"> disponibles \u00e0 Bruxelles ? Consultez <\/span><a href=\"https:\/\/ple.mykot.be\/\" target=\"_blank\" rel=\"noopener\"><span style=\"font-weight: 400;\">MyKot<\/span><\/a><span style=\"font-weight: 400;\">, l\u2019outil de recherche de kots bruxellois propos\u00e9 par Brik &#8211; Student in Brussel vzw en La Plateforme Logement Etudiant (PLE). La qualit\u00e9 et la conformit\u00e9 \u00e0 la r\u00e9glementation sur le logement de chaque kot que vous y trouverez ont \u00e9t\u00e9 contr\u00f4l\u00e9es. Brik en la PLE proposent \u00e9galement <\/span><a href=\"https:\/\/kotbaas.be\/fr\/modele-de-contrat-de-mykot\/\" target=\"_blank\" rel=\"noopener\"><span style=\"font-weight: 400;\">un mod\u00e8le de contrat de bail<\/span><\/a><span style=\"font-weight: 400;\"> pour la location de kots et fait office d\u2019interm\u00e9diaire si n\u00e9cessaire.<\/span><\/p>\n<\/div><div class=\"fusion-separator fusion-full-width-sep\" style=\"align-self: center;margin-left: auto;margin-right: auto;margin-top:30px;margin-bottom:30px;width:100%;\"><div class=\"fusion-separator-border sep-single sep-solid\" style=\"--awb-height:20px;--awb-amount:20px;--awb-sep-color:#303030;border-color:#303030;border-top-width:1px;\"><\/div><\/div><\/div><\/div><\/div><\/div><div class=\"fusion-fullwidth fullwidth-box fusion-builder-row-2 fusion-flex-container has-pattern-background has-mask-background nonhundred-percent-fullwidth non-hundred-percent-height-scrolling\" style=\"--awb-border-radius-top-left:0px;--awb-border-radius-top-right:0px;--awb-border-radius-bottom-right:0px;--awb-border-radius-bottom-left:0px;--awb-flex-wrap:wrap;\" ><div class=\"fusion-builder-row fusion-row fusion-flex-align-items-flex-start fusion-flex-content-wrap\" style=\"max-width:1144px;margin-left: calc(-4% \/ 2 );margin-right: calc(-4% \/ 2 );\"><div class=\"fusion-layout-column fusion_builder_column fusion-builder-column-1 fusion_builder_column_1_2 1_2 fusion-flex-column\" style=\"--awb-bg-size:cover;--awb-width-large:50%;--awb-margin-top-large:0px;--awb-spacing-right-large:3.84%;--awb-margin-bottom-large:20px;--awb-spacing-left-large:3.84%;--awb-width-medium:100%;--awb-order-medium:0;--awb-spacing-right-medium:1.92%;--awb-spacing-left-medium:1.92%;--awb-width-small:100%;--awb-order-small:0;--awb-spacing-right-small:1.92%;--awb-spacing-left-small:1.92%;\"><div class=\"fusion-column-wrapper fusion-column-has-shadow fusion-flex-justify-content-flex-start fusion-content-layout-column\"><div class=\"fusion-title title fusion-title-3 fusion-sep-none fusion-title-text fusion-title-size-one\" style=\"--awb-font-size:var(--awb-typography1-font-size);\"><h1 class=\"fusion-title-heading title-heading-left\" style=\"font-family:var(--awb-typography1-font-family);font-weight:var(--awb-typography1-font-weight);font-style:var(--awb-typography1-font-style);margin:0;text-transform:var(--awb-typography1-text-transform);font-size:1em;line-height:var(--awb-typography1-line-height);\"><b>\u00c0 propos de Brik<\/b><\/h1><\/div><div class=\"fusion-text fusion-text-3\" style=\"--awb-font-size:var(--awb-typography4-font-size);--awb-line-height:1.5;--awb-letter-spacing:var(--awb-typography4-letter-spacing);--awb-text-transform:var(--awb-typography4-text-transform);--awb-text-color:#303030;--awb-text-font-family:var(--awb-typography4-font-family);--awb-text-font-weight:var(--awb-typography4-font-weight);--awb-text-font-style:var(--awb-typography4-font-style);\"><p><span style=\"font-weight: 400;\">Brik <\/span><b>vous guide<\/b><span style=\"font-weight: 400;\"> dans <\/span><b>la vie estudiantine bruxelloise<\/b><span style=\"font-weight: 400;\">. Nous organisons des \u00e9v\u00e9nements, aidons les \u00e9tudiants \u00e0 trouver un kot et r\u00e9pondons \u00e0 toutes leurs questions sur Bruxelles. En collaboration avec l<\/span><b>es institutions d\u2019enseignement sup\u00e9rieur n\u00e9erlandophones de Bruxelles<\/b><span style=\"font-weight: 400;\">, nous veillons \u00e0 ce que les \u00e9tudiants passent le meilleur s\u00e9jour possible. <\/span><\/p>\n<p><span style=\"font-weight: 400;\">Brik propose \u00e9galement <\/span><b>aux propri\u00e9taires de kot<\/b><span style=\"font-weight: 400;\"> des informations sur son site web ainsi qu\u2019une plateforme de location et d\u2019interm\u00e9diation avec MyKot. <\/span><\/p>\n<\/div><\/div><\/div><div class=\"fusion-layout-column fusion_builder_column fusion-builder-column-2 fusion_builder_column_1_2 1_2 fusion-flex-column\" style=\"--awb-bg-size:cover;--awb-width-large:50%;--awb-margin-top-large:0px;--awb-spacing-right-large:3.84%;--awb-margin-bottom-large:20px;--awb-spacing-left-large:3.84%;--awb-width-medium:100%;--awb-order-medium:0;--awb-spacing-right-medium:1.92%;--awb-spacing-left-medium:1.92%;--awb-width-small:100%;--awb-order-small:0;--awb-spacing-right-small:1.92%;--awb-spacing-left-small:1.92%;\"><div class=\"fusion-column-wrapper fusion-column-has-shadow fusion-flex-justify-content-flex-start fusion-content-layout-column\"><div class=\"fusion-title title fusion-title-4 fusion-sep-none fusion-title-text fusion-title-size-one\" style=\"--awb-font-size:var(--awb-typography1-font-size);\"><h1 class=\"fusion-title-heading title-heading-left\" style=\"font-family:var(--awb-typography1-font-family);font-weight:var(--awb-typography1-font-weight);font-style:var(--awb-typography1-font-style);margin:0;text-transform:var(--awb-typography1-text-transform);font-size:1em;line-height:var(--awb-typography1-line-height);\"><b>\u00c0 propos de la PLE<\/b><\/h1><\/div><div class=\"fusion-text fusion-text-4\" style=\"--awb-font-size:var(--awb-typography4-font-size);--awb-line-height:1.5;--awb-letter-spacing:var(--awb-typography4-letter-spacing);--awb-text-transform:var(--awb-typography4-text-transform);--awb-text-color:#303030;--awb-text-font-family:var(--awb-typography4-font-family);--awb-text-font-weight:var(--awb-typography4-font-weight);--awb-text-font-style:var(--awb-typography4-font-style);\"><p>Partenaire privil\u00e9gi\u00e9 des institutions d\u2019enseignement sup\u00e9rieur bruxelloises, la <b>Plateforme logement \u00e9tudiant (PLE)<\/b> a pour mission de <b>renforcer l\u2019acc\u00e8s \u00e0 l\u2019enseignement sup\u00e9rieur en se concentrant sur l\u2019am\u00e9lioration des conditions de location pour les \u00e9tudiants et les bailleurs.<\/b><\/p>\n<p>La PLE apporte <b>conseils et recommandations<\/b> aux propri\u00e9taires d\u00e9sireux de mettre en location et informe <b>les \u00e9tudiants sur les possibilit\u00e9s de logement en R\u00e9gion de Bruxelles-Capitale.<\/b><\/p>\n<\/div><\/div><\/div><\/div><\/div><\/p>\n","protected":false},"excerpt":{"rendered":"","protected":false},"author":2,"featured_media":0,"parent":0,"menu_order":0,"comment_status":"closed","ping_status":"closed","template":"","meta":{"footnotes":""},"class_list":["post-1121","page","type-page","status-publish","hentry"],"yoast_head":"<!-- This site is optimized with the Yoast SEO plugin v26.4 - https:\/\/yoast.com\/wordpress\/plugins\/seo\/ -->\n<title>Propri\u00e9taire \u00e0 Bruxelles<\/title>\n<meta name=\"description\" content=\"Wil je die lege kamer in je woning omvormen tot studentenkamer? Wil je een studentenverblijf bouwen en\/of beheren in Brussel? Kortom alles voor de kotbaas.\" \/>\n<meta name=\"robots\" content=\"index, follow, max-snippet:-1, max-image-preview:large, max-video-preview:-1\" \/>\n<link rel=\"canonical\" href=\"https:\/\/kotbaas.be\/fr\/\" \/>\n<meta property=\"og:locale\" content=\"fr_FR\" \/>\n<meta property=\"og:type\" content=\"article\" \/>\n<meta property=\"og:title\" content=\"Propri\u00e9taire \u00e0 Bruxelles\" \/>\n<meta property=\"og:description\" content=\"Wil je die lege kamer in je woning omvormen tot studentenkamer? Wil je een studentenverblijf bouwen en\/of beheren in Brussel? Kortom alles voor de kotbaas.\" \/>\n<meta property=\"og:url\" content=\"https:\/\/kotbaas.be\/fr\/\" \/>\n<meta property=\"og:site_name\" content=\"Kotbaas in Brussel\" \/>\n<meta property=\"article:publisher\" content=\"https:\/\/www.facebook.com\/brikpage\" \/>\n<meta property=\"article:modified_time\" content=\"2025-05-08T10:09:53+00:00\" \/>\n<meta property=\"og:image\" content=\"https:\/\/kotbaas.be\/wp-content\/uploads\/2023\/03\/Logo-kib.png\" \/>\n\t<meta property=\"og:image:width\" content=\"1200\" \/>\n\t<meta property=\"og:image:height\" content=\"675\" \/>\n\t<meta property=\"og:image:type\" content=\"image\/png\" \/>\n<meta name=\"twitter:card\" content=\"summary_large_image\" \/>\n<meta name=\"twitter:site\" content=\"@briktweets\" \/>\n<meta name=\"twitter:label1\" content=\"Dur\u00e9e de lecture estim\u00e9e\" \/>\n\t<meta name=\"twitter:data1\" content=\"2 minutes\" \/>\n<script type=\"application\/ld+json\" class=\"yoast-schema-graph\">{\"@context\":\"https:\/\/schema.org\",\"@graph\":[{\"@type\":\"WebPage\",\"@id\":\"https:\/\/kotbaas.be\/fr\/\",\"url\":\"https:\/\/kotbaas.be\/fr\/\",\"name\":\"Propri\u00e9taire \u00e0 Bruxelles\",\"isPartOf\":{\"@id\":\"https:\/\/kotbaas.be\/fr\/#website\"},\"datePublished\":\"2015-05-19T15:16:20+00:00\",\"dateModified\":\"2025-05-08T10:09:53+00:00\",\"description\":\"Wil je die lege kamer in je woning omvormen tot studentenkamer? Wil je een studentenverblijf bouwen en\/of beheren in Brussel? Kortom alles voor de kotbaas.\",\"breadcrumb\":{\"@id\":\"https:\/\/kotbaas.be\/fr\/#breadcrumb\"},\"inLanguage\":\"fr-FR\",\"potentialAction\":[{\"@type\":\"ReadAction\",\"target\":[\"https:\/\/kotbaas.be\/fr\/\"]}]},{\"@type\":\"BreadcrumbList\",\"@id\":\"https:\/\/kotbaas.be\/fr\/#breadcrumb\",\"itemListElement\":[{\"@type\":\"ListItem\",\"position\":1,\"name\":\"Home\",\"item\":\"https:\/\/kotbaas.be\/fr\/\"},{\"@type\":\"ListItem\",\"position\":2,\"name\":\"Home\"}]},{\"@type\":\"WebSite\",\"@id\":\"https:\/\/kotbaas.be\/fr\/#website\",\"url\":\"https:\/\/kotbaas.be\/fr\/\",\"name\":\"Kotbaas in Brussel\",\"description\":\"\",\"publisher\":{\"@id\":\"https:\/\/kotbaas.be\/fr\/#organization\"},\"alternateName\":\"Kotbaas.be\",\"potentialAction\":[{\"@type\":\"SearchAction\",\"target\":{\"@type\":\"EntryPoint\",\"urlTemplate\":\"https:\/\/kotbaas.be\/fr\/?s={search_term_string}\"},\"query-input\":{\"@type\":\"PropertyValueSpecification\",\"valueRequired\":true,\"valueName\":\"search_term_string\"}}],\"inLanguage\":\"fr-FR\"},{\"@type\":\"Organization\",\"@id\":\"https:\/\/kotbaas.be\/fr\/#organization\",\"name\":\"Brik - Student in Brussel\",\"alternateName\":\"Brik\",\"url\":\"https:\/\/kotbaas.be\/fr\/\",\"logo\":{\"@type\":\"ImageObject\",\"inLanguage\":\"fr-FR\",\"@id\":\"https:\/\/kotbaas.be\/fr\/#\/schema\/logo\/image\/\",\"url\":\"https:\/\/kotbaas.be\/wp-content\/uploads\/2023\/03\/Logo-kib-square.png\",\"contentUrl\":\"https:\/\/kotbaas.be\/wp-content\/uploads\/2023\/03\/Logo-kib-square.png\",\"width\":696,\"height\":696,\"caption\":\"Brik - Student in Brussel\"},\"image\":{\"@id\":\"https:\/\/kotbaas.be\/fr\/#\/schema\/logo\/image\/\"},\"sameAs\":[\"https:\/\/www.facebook.com\/brikpage\",\"https:\/\/x.com\/briktweets\"]}]}<\/script>\n<!-- \/ Yoast SEO plugin. -->","yoast_head_json":{"title":"Propri\u00e9taire \u00e0 Bruxelles","description":"Wil je die lege kamer in je woning omvormen tot studentenkamer? Wil je een studentenverblijf bouwen en\/of beheren in Brussel? Kortom alles voor de kotbaas.","robots":{"index":"index","follow":"follow","max-snippet":"max-snippet:-1","max-image-preview":"max-image-preview:large","max-video-preview":"max-video-preview:-1"},"canonical":"https:\/\/kotbaas.be\/fr\/","og_locale":"fr_FR","og_type":"article","og_title":"Propri\u00e9taire \u00e0 Bruxelles","og_description":"Wil je die lege kamer in je woning omvormen tot studentenkamer? Wil je een studentenverblijf bouwen en\/of beheren in Brussel? Kortom alles voor de kotbaas.","og_url":"https:\/\/kotbaas.be\/fr\/","og_site_name":"Kotbaas in Brussel","article_publisher":"https:\/\/www.facebook.com\/brikpage","article_modified_time":"2025-05-08T10:09:53+00:00","og_image":[{"width":1200,"height":675,"url":"https:\/\/kotbaas.be\/wp-content\/uploads\/2023\/03\/Logo-kib.png","type":"image\/png"}],"twitter_card":"summary_large_image","twitter_site":"@briktweets","twitter_misc":{"Dur\u00e9e de lecture estim\u00e9e":"2 minutes"},"schema":{"@context":"https:\/\/schema.org","@graph":[{"@type":"WebPage","@id":"https:\/\/kotbaas.be\/fr\/","url":"https:\/\/kotbaas.be\/fr\/","name":"Propri\u00e9taire \u00e0 Bruxelles","isPartOf":{"@id":"https:\/\/kotbaas.be\/fr\/#website"},"datePublished":"2015-05-19T15:16:20+00:00","dateModified":"2025-05-08T10:09:53+00:00","description":"Wil je die lege kamer in je woning omvormen tot studentenkamer? Wil je een studentenverblijf bouwen en\/of beheren in Brussel? Kortom alles voor de kotbaas.","breadcrumb":{"@id":"https:\/\/kotbaas.be\/fr\/#breadcrumb"},"inLanguage":"fr-FR","potentialAction":[{"@type":"ReadAction","target":["https:\/\/kotbaas.be\/fr\/"]}]},{"@type":"BreadcrumbList","@id":"https:\/\/kotbaas.be\/fr\/#breadcrumb","itemListElement":[{"@type":"ListItem","position":1,"name":"Home","item":"https:\/\/kotbaas.be\/fr\/"},{"@type":"ListItem","position":2,"name":"Home"}]},{"@type":"WebSite","@id":"https:\/\/kotbaas.be\/fr\/#website","url":"https:\/\/kotbaas.be\/fr\/","name":"Kotbaas in Brussel","description":"","publisher":{"@id":"https:\/\/kotbaas.be\/fr\/#organization"},"alternateName":"Kotbaas.be","potentialAction":[{"@type":"SearchAction","target":{"@type":"EntryPoint","urlTemplate":"https:\/\/kotbaas.be\/fr\/?s={search_term_string}"},"query-input":{"@type":"PropertyValueSpecification","valueRequired":true,"valueName":"search_term_string"}}],"inLanguage":"fr-FR"},{"@type":"Organization","@id":"https:\/\/kotbaas.be\/fr\/#organization","name":"Brik - Student in Brussel","alternateName":"Brik","url":"https:\/\/kotbaas.be\/fr\/","logo":{"@type":"ImageObject","inLanguage":"fr-FR","@id":"https:\/\/kotbaas.be\/fr\/#\/schema\/logo\/image\/","url":"https:\/\/kotbaas.be\/wp-content\/uploads\/2023\/03\/Logo-kib-square.png","contentUrl":"https:\/\/kotbaas.be\/wp-content\/uploads\/2023\/03\/Logo-kib-square.png","width":696,"height":696,"caption":"Brik - Student in Brussel"},"image":{"@id":"https:\/\/kotbaas.be\/fr\/#\/schema\/logo\/image\/"},"sameAs":["https:\/\/www.facebook.com\/brikpage","https:\/\/x.com\/briktweets"]}]}},"_links":{"self":[{"href":"https:\/\/kotbaas.be\/fr\/wp-json\/wp\/v2\/pages\/1121","targetHints":{"allow":["GET"]}}],"collection":[{"href":"https:\/\/kotbaas.be\/fr\/wp-json\/wp\/v2\/pages"}],"about":[{"href":"https:\/\/kotbaas.be\/fr\/wp-json\/wp\/v2\/types\/page"}],"author":[{"embeddable":true,"href":"https:\/\/kotbaas.be\/fr\/wp-json\/wp\/v2\/users\/2"}],"replies":[{"embeddable":true,"href":"https:\/\/kotbaas.be\/fr\/wp-json\/wp\/v2\/comments?post=1121"}],"version-history":[{"count":14,"href":"https:\/\/kotbaas.be\/fr\/wp-json\/wp\/v2\/pages\/1121\/revisions"}],"predecessor-version":[{"id":1483,"href":"https:\/\/kotbaas.be\/fr\/wp-json\/wp\/v2\/pages\/1121\/revisions\/1483"}],"wp:attachment":[{"href":"https:\/\/kotbaas.be\/fr\/wp-json\/wp\/v2\/media?parent=1121"}],"curies":[{"name":"wp","href":"https:\/\/api.w.org\/{rel}","templated":true}]}}