{"id":1108,"date":"2015-05-19T11:31:10","date_gmt":"2015-05-19T10:31:10","guid":{"rendered":"https:\/\/kotbaas.be\/?page_id=1108"},"modified":"2025-06-19T09:34:04","modified_gmt":"2025-06-19T08:34:04","slug":"modele-de-contrat-de-mykot","status":"publish","type":"page","link":"https:\/\/kotbaas.be\/fr\/modele-de-contrat-de-mykot\/","title":{"rendered":"Le mod\u00e8le de contrat de MyKot"},"content":{"rendered":"<p><div class=\"fusion-fullwidth fullwidth-box fusion-builder-row-1 hundred-percent-fullwidth non-hundred-percent-height-scrolling\" style=\"--awb-border-radius-top-left:0px;--awb-border-radius-top-right:0px;--awb-border-radius-bottom-right:0px;--awb-border-radius-bottom-left:0px;--awb-overflow:visible;--awb-flex-wrap:wrap;\" ><div class=\"fusion-builder-row fusion-row\"><div class=\"fusion-layout-column fusion_builder_column fusion-builder-column-0 fusion_builder_column_1_1 1_1 fusion-one-full fusion-column-first fusion-column-last\" style=\"--awb-bg-size:cover;\"><div class=\"fusion-column-wrapper fusion-column-has-shadow fusion-flex-column-wrapper-legacy\"><div class=\"fusion-title title fusion-title-1 fusion-sep-none fusion-title-text fusion-title-size-one\" style=\"--awb-text-color:#303030;--awb-font-size:35px;\"><h1 class=\"fusion-title-heading title-heading-left\" style=\"font-family:&quot;Source Sans Pro&quot;;margin:0;font-size:1em;line-height:1.2;\"><strong>Le mod\u00e8le de bail de MyKot<\/strong><\/h1><\/div><div class=\"fusion-text fusion-text-1\" style=\"--awb-font-size:16px;--awb-line-height:1.5;--awb-text-color:#303030;--awb-text-font-family:&quot;Source Sans Pro&quot;;\"><p><span style=\"font-weight: 400;\">Brik et la PLE ont cr\u00e9\u00e9 <strong>un nouveau mod\u00e8le de bail<\/strong> en 2023, et a \u00e9t\u00e9 actualise en 2025. Le mod\u00e8le de bail est largement inspir\u00e9 du bail de logement \u00e9tudiant bruxellois. Il s\u2019en \u00e9carte cependant sur quelques points. Brik et la PLE visent \u00e0 garantir <strong>l&rsquo;accessibilit\u00e9 financi\u00e8re<\/strong>, <strong>\u00e0 clarifier les contrats<\/strong> qui arrivent \u00e0 \u00e9ch\u00e9ance et \u00e0 <strong>maintenir l&rsquo;\u00e9quilibre<\/strong> entre le bailleur et l&rsquo;\u00e9tudiant-locataire.<\/span><\/p>\n<p><span style=\"font-weight: 400;\">Ce mod\u00e8le de contrat est <strong>un document de r\u00e9f\u00e9rence<\/strong>, mais il est <strong>obligatoire<\/strong> pour tous les utilisateurs de<\/span><a href=\"https:\/\/www.mykot.be\/fr\/landlord\"> <span style=\"font-weight: 400;\">MyKot<\/span><span style=\"font-weight: 400;\">. <\/span><\/a><span style=\"font-weight: 400;\">Toutefois, certaines dispositions ne sont pas essentielles, de sorte que des d\u00e9rogations sont possibles. N\u2019h\u00e9sitez pas \u00e0 contacter Brik ou PLE avant de proc\u00e9der \u00e0 une quelconque modification.\u00a0<\/span><\/p>\n<p>MyKot s\u2019agit de <strong>l\u2019outil de recherche de kots bruxellois<\/strong> sur lequel vous pouvez uniquement mettre en location <strong>des kots conformes \u00e0 toutes les r\u00e9glementations<\/strong>. En tant que propri\u00e9taire, vous devez d\u2019abord vous inscrire sur MyKot. Brik et la PLE v\u00e9rifieront ensuite la qualit\u00e9 des kots. S\u2019ils sont conformes \u00e0 la r\u00e9glementation, ils seront propos\u00e9s sur MyKot et Brik et la PLE servira d\u2019interm\u00e9diaire entre le bailleur et l\u2019\u00e9tudiant locataire.<\/p>\n<\/div><div class=\"fusion-button-wrapper\"><a class=\"fusion-button button-flat fusion-button-default-size button-custom fusion-button-default button-1 fusion-button-default-span fusion-button-default-type\" style=\"--button_accent_color:#ffffff;--button_accent_hover_color:#ffffff;--button_border_hover_color:#ffffff;--button_gradient_top_color:#da2037;--button_gradient_bottom_color:#da2037;--button_gradient_top_color_hover:#96c346;--button_gradient_bottom_color_hover:#96c346;\" target=\"_blank\" rel=\"noopener noreferrer\" href=\"https:\/\/www.mykot.be\/fr\/modele-de-contrat-pour-les-proprietaires\"><span class=\"fusion-button-text awb-button__text awb-button__text--default\">Le mod\u00e8le de bail de MyKot<\/span><\/a><\/div><div class=\"fusion-clearfix\"><\/div><\/div><\/div><\/div><\/div><div class=\"fusion-fullwidth fullwidth-box fusion-builder-row-2 fusion-flex-container has-pattern-background has-mask-background nonhundred-percent-fullwidth non-hundred-percent-height-scrolling\" style=\"--awb-border-radius-top-left:0px;--awb-border-radius-top-right:0px;--awb-border-radius-bottom-right:0px;--awb-border-radius-bottom-left:0px;--awb-flex-wrap:wrap;\" ><div class=\"fusion-builder-row fusion-row fusion-flex-align-items-flex-start fusion-flex-content-wrap\" style=\"max-width:1144px;margin-left: calc(-4% \/ 2 );margin-right: calc(-4% \/ 2 );\"><\/div><\/div><\/p>\n","protected":false},"excerpt":{"rendered":"","protected":false},"author":2,"featured_media":0,"parent":0,"menu_order":0,"comment_status":"closed","ping_status":"closed","template":"","meta":{"footnotes":""},"class_list":["post-1108","page","type-page","status-publish","hentry"],"yoast_head":"<!-- This site is optimized with the Yoast SEO plugin v26.4 - https:\/\/yoast.com\/wordpress\/plugins\/seo\/ -->\n<title>Le mod\u00e8le de contrat de MyKot - Kotbaas in Brussel<\/title>\n<meta name=\"description\" content=\"Brik et la PLE ont cr\u00e9\u00e9 un nouveau mod\u00e8le de bail en 2023, largement inspir\u00e9 du bail de logement \u00e9tudiant bruxellois, le mod\u00e8le de contract de MyKot.\" \/>\n<meta name=\"robots\" content=\"index, follow, max-snippet:-1, max-image-preview:large, max-video-preview:-1\" \/>\n<link rel=\"canonical\" href=\"https:\/\/kotbaas.be\/fr\/modele-de-contrat-de-mykot\/\" \/>\n<meta property=\"og:locale\" content=\"fr_FR\" \/>\n<meta property=\"og:type\" content=\"article\" \/>\n<meta property=\"og:title\" content=\"Le mod\u00e8le de contrat de MyKot - Kotbaas in Brussel\" \/>\n<meta property=\"og:description\" content=\"Brik et la PLE ont cr\u00e9\u00e9 un nouveau mod\u00e8le de bail en 2023, largement inspir\u00e9 du bail de logement \u00e9tudiant bruxellois, le mod\u00e8le de contract de MyKot.\" \/>\n<meta property=\"og:url\" content=\"https:\/\/kotbaas.be\/fr\/modele-de-contrat-de-mykot\/\" \/>\n<meta property=\"og:site_name\" content=\"Kotbaas in Brussel\" \/>\n<meta property=\"article:publisher\" content=\"https:\/\/www.facebook.com\/brikpage\" \/>\n<meta property=\"article:modified_time\" content=\"2025-06-19T08:34:04+00:00\" \/>\n<meta property=\"og:image\" content=\"https:\/\/kotbaas.be\/wp-content\/uploads\/2023\/03\/Logo-kib.png\" \/>\n\t<meta property=\"og:image:width\" content=\"1200\" \/>\n\t<meta property=\"og:image:height\" content=\"675\" \/>\n\t<meta property=\"og:image:type\" content=\"image\/png\" \/>\n<meta name=\"twitter:card\" content=\"summary_large_image\" \/>\n<meta name=\"twitter:site\" content=\"@briktweets\" \/>\n<meta name=\"twitter:label1\" content=\"Dur\u00e9e de lecture estim\u00e9e\" \/>\n\t<meta name=\"twitter:data1\" content=\"2 minutes\" \/>\n<script type=\"application\/ld+json\" class=\"yoast-schema-graph\">{\"@context\":\"https:\/\/schema.org\",\"@graph\":[{\"@type\":\"WebPage\",\"@id\":\"https:\/\/kotbaas.be\/fr\/modele-de-contrat-de-mykot\/\",\"url\":\"https:\/\/kotbaas.be\/fr\/modele-de-contrat-de-mykot\/\",\"name\":\"Le mod\u00e8le de contrat de MyKot - Kotbaas in Brussel\",\"isPartOf\":{\"@id\":\"https:\/\/kotbaas.be\/fr\/#website\"},\"datePublished\":\"2015-05-19T10:31:10+00:00\",\"dateModified\":\"2025-06-19T08:34:04+00:00\",\"description\":\"Brik et la PLE ont cr\u00e9\u00e9 un nouveau mod\u00e8le de bail en 2023, largement inspir\u00e9 du bail de logement \u00e9tudiant bruxellois, le mod\u00e8le de contract de MyKot.\",\"breadcrumb\":{\"@id\":\"https:\/\/kotbaas.be\/fr\/modele-de-contrat-de-mykot\/#breadcrumb\"},\"inLanguage\":\"fr-FR\",\"potentialAction\":[{\"@type\":\"ReadAction\",\"target\":[\"https:\/\/kotbaas.be\/fr\/modele-de-contrat-de-mykot\/\"]}]},{\"@type\":\"BreadcrumbList\",\"@id\":\"https:\/\/kotbaas.be\/fr\/modele-de-contrat-de-mykot\/#breadcrumb\",\"itemListElement\":[{\"@type\":\"ListItem\",\"position\":1,\"name\":\"Home\",\"item\":\"https:\/\/kotbaas.be\/fr\/\"},{\"@type\":\"ListItem\",\"position\":2,\"name\":\"Le mod\u00e8le de contrat de MyKot\"}]},{\"@type\":\"WebSite\",\"@id\":\"https:\/\/kotbaas.be\/fr\/#website\",\"url\":\"https:\/\/kotbaas.be\/fr\/\",\"name\":\"Kotbaas in Brussel\",\"description\":\"\",\"publisher\":{\"@id\":\"https:\/\/kotbaas.be\/fr\/#organization\"},\"alternateName\":\"Kotbaas.be\",\"potentialAction\":[{\"@type\":\"SearchAction\",\"target\":{\"@type\":\"EntryPoint\",\"urlTemplate\":\"https:\/\/kotbaas.be\/fr\/?s={search_term_string}\"},\"query-input\":{\"@type\":\"PropertyValueSpecification\",\"valueRequired\":true,\"valueName\":\"search_term_string\"}}],\"inLanguage\":\"fr-FR\"},{\"@type\":\"Organization\",\"@id\":\"https:\/\/kotbaas.be\/fr\/#organization\",\"name\":\"Brik - Student in Brussel\",\"alternateName\":\"Brik\",\"url\":\"https:\/\/kotbaas.be\/fr\/\",\"logo\":{\"@type\":\"ImageObject\",\"inLanguage\":\"fr-FR\",\"@id\":\"https:\/\/kotbaas.be\/fr\/#\/schema\/logo\/image\/\",\"url\":\"https:\/\/kotbaas.be\/wp-content\/uploads\/2023\/03\/Logo-kib-square.png\",\"contentUrl\":\"https:\/\/kotbaas.be\/wp-content\/uploads\/2023\/03\/Logo-kib-square.png\",\"width\":696,\"height\":696,\"caption\":\"Brik - Student in Brussel\"},\"image\":{\"@id\":\"https:\/\/kotbaas.be\/fr\/#\/schema\/logo\/image\/\"},\"sameAs\":[\"https:\/\/www.facebook.com\/brikpage\",\"https:\/\/x.com\/briktweets\"]}]}<\/script>\n<!-- \/ Yoast SEO plugin. -->","yoast_head_json":{"title":"Le mod\u00e8le de contrat de MyKot - Kotbaas in Brussel","description":"Brik et la PLE ont cr\u00e9\u00e9 un nouveau mod\u00e8le de bail en 2023, largement inspir\u00e9 du bail de logement \u00e9tudiant bruxellois, le mod\u00e8le de contract de MyKot.","robots":{"index":"index","follow":"follow","max-snippet":"max-snippet:-1","max-image-preview":"max-image-preview:large","max-video-preview":"max-video-preview:-1"},"canonical":"https:\/\/kotbaas.be\/fr\/modele-de-contrat-de-mykot\/","og_locale":"fr_FR","og_type":"article","og_title":"Le mod\u00e8le de contrat de MyKot - Kotbaas in Brussel","og_description":"Brik et la PLE ont cr\u00e9\u00e9 un nouveau mod\u00e8le de bail en 2023, largement inspir\u00e9 du bail de logement \u00e9tudiant bruxellois, le mod\u00e8le de contract de MyKot.","og_url":"https:\/\/kotbaas.be\/fr\/modele-de-contrat-de-mykot\/","og_site_name":"Kotbaas in Brussel","article_publisher":"https:\/\/www.facebook.com\/brikpage","article_modified_time":"2025-06-19T08:34:04+00:00","og_image":[{"width":1200,"height":675,"url":"https:\/\/kotbaas.be\/wp-content\/uploads\/2023\/03\/Logo-kib.png","type":"image\/png"}],"twitter_card":"summary_large_image","twitter_site":"@briktweets","twitter_misc":{"Dur\u00e9e de lecture estim\u00e9e":"2 minutes"},"schema":{"@context":"https:\/\/schema.org","@graph":[{"@type":"WebPage","@id":"https:\/\/kotbaas.be\/fr\/modele-de-contrat-de-mykot\/","url":"https:\/\/kotbaas.be\/fr\/modele-de-contrat-de-mykot\/","name":"Le mod\u00e8le de contrat de MyKot - Kotbaas in Brussel","isPartOf":{"@id":"https:\/\/kotbaas.be\/fr\/#website"},"datePublished":"2015-05-19T10:31:10+00:00","dateModified":"2025-06-19T08:34:04+00:00","description":"Brik et la PLE ont cr\u00e9\u00e9 un nouveau mod\u00e8le de bail en 2023, largement inspir\u00e9 du bail de logement \u00e9tudiant bruxellois, le mod\u00e8le de contract de MyKot.","breadcrumb":{"@id":"https:\/\/kotbaas.be\/fr\/modele-de-contrat-de-mykot\/#breadcrumb"},"inLanguage":"fr-FR","potentialAction":[{"@type":"ReadAction","target":["https:\/\/kotbaas.be\/fr\/modele-de-contrat-de-mykot\/"]}]},{"@type":"BreadcrumbList","@id":"https:\/\/kotbaas.be\/fr\/modele-de-contrat-de-mykot\/#breadcrumb","itemListElement":[{"@type":"ListItem","position":1,"name":"Home","item":"https:\/\/kotbaas.be\/fr\/"},{"@type":"ListItem","position":2,"name":"Le mod\u00e8le de contrat de MyKot"}]},{"@type":"WebSite","@id":"https:\/\/kotbaas.be\/fr\/#website","url":"https:\/\/kotbaas.be\/fr\/","name":"Kotbaas in Brussel","description":"","publisher":{"@id":"https:\/\/kotbaas.be\/fr\/#organization"},"alternateName":"Kotbaas.be","potentialAction":[{"@type":"SearchAction","target":{"@type":"EntryPoint","urlTemplate":"https:\/\/kotbaas.be\/fr\/?s={search_term_string}"},"query-input":{"@type":"PropertyValueSpecification","valueRequired":true,"valueName":"search_term_string"}}],"inLanguage":"fr-FR"},{"@type":"Organization","@id":"https:\/\/kotbaas.be\/fr\/#organization","name":"Brik - Student in Brussel","alternateName":"Brik","url":"https:\/\/kotbaas.be\/fr\/","logo":{"@type":"ImageObject","inLanguage":"fr-FR","@id":"https:\/\/kotbaas.be\/fr\/#\/schema\/logo\/image\/","url":"https:\/\/kotbaas.be\/wp-content\/uploads\/2023\/03\/Logo-kib-square.png","contentUrl":"https:\/\/kotbaas.be\/wp-content\/uploads\/2023\/03\/Logo-kib-square.png","width":696,"height":696,"caption":"Brik - Student in Brussel"},"image":{"@id":"https:\/\/kotbaas.be\/fr\/#\/schema\/logo\/image\/"},"sameAs":["https:\/\/www.facebook.com\/brikpage","https:\/\/x.com\/briktweets"]}]}},"_links":{"self":[{"href":"https:\/\/kotbaas.be\/fr\/wp-json\/wp\/v2\/pages\/1108","targetHints":{"allow":["GET"]}}],"collection":[{"href":"https:\/\/kotbaas.be\/fr\/wp-json\/wp\/v2\/pages"}],"about":[{"href":"https:\/\/kotbaas.be\/fr\/wp-json\/wp\/v2\/types\/page"}],"author":[{"embeddable":true,"href":"https:\/\/kotbaas.be\/fr\/wp-json\/wp\/v2\/users\/2"}],"replies":[{"embeddable":true,"href":"https:\/\/kotbaas.be\/fr\/wp-json\/wp\/v2\/comments?post=1108"}],"version-history":[{"count":15,"href":"https:\/\/kotbaas.be\/fr\/wp-json\/wp\/v2\/pages\/1108\/revisions"}],"predecessor-version":[{"id":1493,"href":"https:\/\/kotbaas.be\/fr\/wp-json\/wp\/v2\/pages\/1108\/revisions\/1493"}],"wp:attachment":[{"href":"https:\/\/kotbaas.be\/fr\/wp-json\/wp\/v2\/media?parent=1108"}],"curies":[{"name":"wp","href":"https:\/\/api.w.org\/{rel}","templated":true}]}}